{"id":141,"date":"2023-05-03T16:58:25","date_gmt":"2023-05-03T16:58:25","guid":{"rendered":"https:\/\/open4u.erasmus.site\/?page_id=141"},"modified":"2024-10-21T10:16:27","modified_gmt":"2024-10-21T10:16:27","slug":"more-about-open4u","status":"publish","type":"page","link":"https:\/\/open4u.erasmus.site\/tr\/more-about-open4u\/","title":{"rendered":"OPEN4U Hakk\u0131nda daha fazla"},"content":{"rendered":"\t\t<div data-elementor-type=\"wp-page\" data-elementor-id=\"141\" class=\"elementor elementor-141\">\n\t\t\t\t\t\t<section class=\"elementor-section elementor-top-section elementor-element elementor-element-04b840b elementor-section-full_width elementor-section-height-default elementor-section-height-default\" data-id=\"04b840b\" data-element_type=\"section\" data-e-type=\"section\" data-settings=\"{&quot;background_background&quot;:&quot;classic&quot;}\">\n\t\t\t\t\t\t\t<div class=\"elementor-background-overlay\"><\/div>\n\t\t\t\t\t\t\t<div class=\"elementor-container elementor-column-gap-default\">\n\t\t\t\t\t<div class=\"elementor-column elementor-col-100 elementor-top-column elementor-element elementor-element-3875335\" data-id=\"3875335\" data-element_type=\"column\" data-e-type=\"column\">\n\t\t\t<div class=\"elementor-widget-wrap elementor-element-populated\">\n\t\t\t\t\t\t<div class=\"elementor-element elementor-element-888fbc3 elementor-widget elementor-widget-heading\" data-id=\"888fbc3\" data-element_type=\"widget\" data-e-type=\"widget\" data-widget_type=\"heading.default\">\n\t\t\t\t<div class=\"elementor-widget-container\">\n\t\t\t\t\t<h1 class=\"elementor-heading-title elementor-size-default\">OPEN4U Hakk\u0131nda daha fazla<\/h1>\t\t\t\t<\/div>\n\t\t\t\t<\/div>\n\t\t\t\t\t<\/div>\n\t\t<\/div>\n\t\t\t\t\t<\/div>\n\t\t<\/section>\n\t\t\t\t<section class=\"elementor-section elementor-top-section elementor-element elementor-element-30c1780 elementor-section-height-min-height elementor-section-boxed elementor-section-height-default elementor-section-items-middle\" data-id=\"30c1780\" data-element_type=\"section\" data-e-type=\"section\" data-settings=\"{&quot;background_background&quot;:&quot;classic&quot;}\">\n\t\t\t\t\t\t<div class=\"elementor-container elementor-column-gap-default\">\n\t\t\t\t\t<div class=\"elementor-column elementor-col-100 elementor-top-column elementor-element elementor-element-24d906a\" data-id=\"24d906a\" data-element_type=\"column\" data-e-type=\"column\" data-settings=\"{&quot;background_background&quot;:&quot;classic&quot;}\">\n\t\t\t<div class=\"elementor-widget-wrap elementor-element-populated\">\n\t\t\t\t\t\t<div class=\"elementor-element elementor-element-1e4cacc elementor-widget elementor-widget-text-editor\" data-id=\"1e4cacc\" data-element_type=\"widget\" data-e-type=\"widget\" data-widget_type=\"text-editor.default\">\n\t\t\t\t<div class=\"elementor-widget-container\">\n\t\t\t\t\t\t\t\t\t<p><\/p><h3 style=\"text-align: center;\">Tan\u0131t\u0131m<\/h3><p>Biliyor musun?<\/p><p>Yetenekli \u00e7al\u0131\u015fanlardan gelen ilk fikirlerin daha fazla analiz edilebilmesi ve<\/p><p>her iki durumda da i\u015fletmede olumlu d\u00f6n\u00fc\u015ft\u00fcr\u00fcc\u00fc de\u011fi\u015fikliklerin getirilmesi i\u00e7in bir seviye daha yukar\u0131ya g\u00f6t\u00fcr\u00fclebilir veya yenileri d\u00fc\u015f\u00fcn\u00fclebilir. Yeni teknolojilerin ve sosyal geli\u015fimin zorlad\u0131\u011f\u0131 dijitalle\u015fme, a\u00e7\u0131k inovasyonun anahtar\u0131d\u0131r. Ancak a\u00e7\u0131k inovasyon, kesin stratejiler kategorisinde alg\u0131lanmaz, zaman i\u00e7inde ve dijital d\u00f6n\u00fc\u015f\u00fcmle birlikte de\u011ferlendirilir.<\/p><p>Bu, toplumu, \u00f6\u011frenicileri ve i\u015fletmeleri \u015fu anda ya\u015fam kalitesini iyile\u015ftirmek i\u00e7in yapabilecekleri eylemler konusunda e\u011fitmeyi daha da \u00f6nemli hale getiriyor.<\/p><p><strong>OPEN4U&#8217;nun hedefleri nelerdir?<\/strong><\/p><p>OPEN4U hedefleri \u015funlar\u0131 i\u00e7erir:<\/p><ul><li>Standart m\u00fcfredat\u0131n \u00f6tesinde, Konsorsiyum d\u00fczeyinde en son a\u00e7\u0131k inovasyon uygulamalar\u0131n\u0131 analiz etmek;<\/li><li>OECD \u00fclkeleri aras\u0131nda iyi uygulamalar\u0131n al\u0131\u015fveri\u015fi ve ME\u00d6 i\u00e7in a\u00e7\u0131k inovasyon stratejilerinin belirlenmesi, bunun sonucunda b\u00f6lgesel d\u00fczeyde a\u00e7\u0131k inovasyon uygulamalar\u0131na ili\u015fkin politika tavsiyeleri de dahil olmak \u00fczere bir a\u00e7\u0131k inovasyon etkile\u015fimli katalo\u011funun geli\u015ftirilmesi;<\/li><li>2 grup i\u00e7in e\u011fitim materyalinin haz\u0131rlanmas\u0131: \u00fcst d\u00fczey KOB\u0130 \u00e7al\u0131\u015fanlar\u0131 ve KOB\u0130&#8217;lerdeki Ar-Ge personeli, \u00e7al\u0131\u015fanlara OI uygulamalar\u0131n\u0131 tan\u0131tmak i\u00e7in onlarla birlikte \u00e7al\u0131\u015fmaya y\u00f6nelik yeni yakla\u015f\u0131mlar hakk\u0131nda ve gen\u00e7 KOB\u0130 \u00e7al\u0131\u015fanlar\u0131 ve mezunlar\u0131 i\u00e7in HK uygulamalar\u0131na nas\u0131l katk\u0131da bulunabilecekleri konusunda ve ard\u0131ndan malzemenin bir mobil uygulamaya dijitalle\u015ftirilmesi.<\/li><\/ul><p><\/p><p><\/p>\t\t\t\t\t\t\t\t<\/div>\n\t\t\t\t<\/div>\n\t\t\t\t\t<\/div>\n\t\t<\/div>\n\t\t\t\t\t<\/div>\n\t\t<\/section>\n\t\t\t\t<section class=\"elementor-section elementor-top-section elementor-element elementor-element-672f6cc elementor-section-boxed elementor-section-height-default elementor-section-height-default\" data-id=\"672f6cc\" data-element_type=\"section\" data-e-type=\"section\" data-settings=\"{&quot;background_background&quot;:&quot;classic&quot;}\">\n\t\t\t\t\t\t\t<div class=\"elementor-background-overlay\"><\/div>\n\t\t\t\t\t\t\t<div class=\"elementor-container elementor-column-gap-default\">\n\t\t\t\t\t<div class=\"elementor-column elementor-col-100 elementor-top-column elementor-element elementor-element-188d3a7\" data-id=\"188d3a7\" data-element_type=\"column\" data-e-type=\"column\">\n\t\t\t<div class=\"elementor-widget-wrap elementor-element-populated\">\n\t\t\t\t\t\t<section class=\"elementor-section elementor-inner-section elementor-element elementor-element-0d0d3a5 elementor-section-boxed elementor-section-height-default elementor-section-height-default\" data-id=\"0d0d3a5\" data-element_type=\"section\" data-e-type=\"section\">\n\t\t\t\t\t\t<div class=\"elementor-container elementor-column-gap-default\">\n\t\t\t\t\t<div class=\"elementor-column elementor-col-100 elementor-inner-column elementor-element elementor-element-9c53b6b\" data-id=\"9c53b6b\" data-element_type=\"column\" data-e-type=\"column\">\n\t\t\t<div class=\"elementor-widget-wrap elementor-element-populated\">\n\t\t\t\t\t\t<div class=\"elementor-element elementor-element-dce1b8b elementor-widget elementor-widget-menu-anchor\" data-id=\"dce1b8b\" data-element_type=\"widget\" data-e-type=\"widget\" data-widget_type=\"menu-anchor.default\">\n\t\t\t\t<div class=\"elementor-widget-container\">\n\t\t\t\t\t\t\t<div class=\"elementor-menu-anchor\" id=\"results\"><\/div>\n\t\t\t\t\t\t<\/div>\n\t\t\t\t<\/div>\n\t\t\t\t<div class=\"elementor-element elementor-element-9feee22 elementor-widget elementor-widget-heading\" data-id=\"9feee22\" data-element_type=\"widget\" data-e-type=\"widget\" data-widget_type=\"heading.default\">\n\t\t\t\t<div class=\"elementor-widget-container\">\n\t\t\t\t\t<h2 class=\"elementor-heading-title elementor-size-default\">Proje \u00c7\u0131kt\u0131lar\u0131<\/h2>\t\t\t\t<\/div>\n\t\t\t\t<\/div>\n\t\t\t\t<div class=\"elementor-element elementor-element-24418b3 elementor-widget-divider--view-line elementor-widget elementor-widget-divider\" data-id=\"24418b3\" data-element_type=\"widget\" data-e-type=\"widget\" data-widget_type=\"divider.default\">\n\t\t\t\t<div class=\"elementor-widget-container\">\n\t\t\t\t\t\t\t<div class=\"elementor-divider\">\n\t\t\t<span class=\"elementor-divider-separator\">\n\t\t\t\t\t\t<\/span>\n\t\t<\/div>\n\t\t\t\t\t\t<\/div>\n\t\t\t\t<\/div>\n\t\t\t\t\t<\/div>\n\t\t<\/div>\n\t\t\t\t\t<\/div>\n\t\t<\/section>\n\t\t\t\t<div class=\"elementor-element elementor-element-b2736b3 elementor-widget elementor-widget-text-editor\" data-id=\"b2736b3\" data-element_type=\"widget\" data-e-type=\"widget\" data-widget_type=\"text-editor.default\">\n\t\t\t\t<div class=\"elementor-widget-container\">\n\t\t\t\t\t\t\t\t\t<p>OPEN4U, her biri birka\u00e7 aktiviteye b\u00f6l\u00fcnm\u00fc\u015f 7 dilde iki ana sonu\u00e7tur.<\/p>\t\t\t\t\t\t\t\t<\/div>\n\t\t\t\t<\/div>\n\t\t\t\t<section class=\"elementor-section elementor-inner-section elementor-element elementor-element-1d809e7 elementor-section-boxed elementor-section-height-default elementor-section-height-default\" data-id=\"1d809e7\" data-element_type=\"section\" data-e-type=\"section\">\n\t\t\t\t\t\t<div class=\"elementor-container elementor-column-gap-default\">\n\t\t\t\t\t<div class=\"elementor-column elementor-col-50 elementor-inner-column elementor-element elementor-element-205bffb\" data-id=\"205bffb\" data-element_type=\"column\" data-e-type=\"column\" data-settings=\"{&quot;background_background&quot;:&quot;classic&quot;}\">\n\t\t\t<div class=\"elementor-widget-wrap elementor-element-populated\">\n\t\t\t\t\t\t<div class=\"elementor-element elementor-element-417db20 elementor-view-default elementor-widget elementor-widget-icon\" data-id=\"417db20\" data-element_type=\"widget\" data-e-type=\"widget\" data-widget_type=\"icon.default\">\n\t\t\t\t<div class=\"elementor-widget-container\">\n\t\t\t\t\t\t\t<div class=\"elementor-icon-wrapper\">\n\t\t\t<div class=\"elementor-icon elementor-animation-grow\">\n\t\t\t<i aria-hidden=\"true\" class=\"fas fa-award\"><\/i>\t\t\t<\/div>\n\t\t<\/div>\n\t\t\t\t\t\t<\/div>\n\t\t\t\t<\/div>\n\t\t\t\t<div class=\"elementor-element elementor-element-c11c172 elementor-widget elementor-widget-heading\" data-id=\"c11c172\" data-element_type=\"widget\" data-e-type=\"widget\" data-widget_type=\"heading.default\">\n\t\t\t\t<div class=\"elementor-widget-container\">\n\t\t\t\t\t<h3 class=\"elementor-heading-title elementor-size-default\">\u0130lk \u00c7\u0131kt\u0131<\/h3>\t\t\t\t<\/div>\n\t\t\t\t<\/div>\n\t\t\t\t<div class=\"elementor-element elementor-element-7dc4c8a elementor-widget-divider--view-line elementor-widget elementor-widget-divider\" data-id=\"7dc4c8a\" data-element_type=\"widget\" data-e-type=\"widget\" data-widget_type=\"divider.default\">\n\t\t\t\t<div class=\"elementor-widget-container\">\n\t\t\t\t\t\t\t<div class=\"elementor-divider\">\n\t\t\t<span class=\"elementor-divider-separator\">\n\t\t\t\t\t\t<\/span>\n\t\t<\/div>\n\t\t\t\t\t\t<\/div>\n\t\t\t\t<\/div>\n\t\t\t\t<div class=\"elementor-element elementor-element-2d51175 elementor-widget elementor-widget-text-editor\" data-id=\"2d51175\" data-element_type=\"widget\" data-e-type=\"widget\" data-widget_type=\"text-editor.default\">\n\t\t\t\t<div class=\"elementor-widget-container\">\n\t\t\t\t\t\t\t\t\t<p>7 b\u00f6lgeye (ancak 6 \u00fclkeye) odaklanan a\u00e7\u0131k inovasyon etkile\u015fimli bir katalogdur. Olu\u015fturulmadan \u00f6nce, odak grup sonu\u00e7lar\u0131na ve b\u00f6lgesel d\u00fczeyde a\u00e7\u0131k inovasyon uygulamalar\u0131na ili\u015fkin politika \u00f6nerilerine dayanan a\u00e7\u0131k inovasyon uygulamalar\u0131n\u0131n belirlenmesini i\u00e7eren bir rapor yaz\u0131lacakt\u0131r. Ayr\u0131ca, dijital fark\u0131ndal\u0131k kampanyalar\u0131nda \u00f6nemli bilgiler iletilecektir.<\/p>\t\t\t\t\t\t\t\t<\/div>\n\t\t\t\t<\/div>\n\t\t\t\t\t<\/div>\n\t\t<\/div>\n\t\t\t\t<div class=\"elementor-column elementor-col-50 elementor-inner-column elementor-element elementor-element-054b475\" data-id=\"054b475\" data-element_type=\"column\" data-e-type=\"column\" data-settings=\"{&quot;background_background&quot;:&quot;classic&quot;}\">\n\t\t\t<div class=\"elementor-widget-wrap elementor-element-populated\">\n\t\t\t\t\t\t<div class=\"elementor-element elementor-element-3561b3d elementor-view-default elementor-widget elementor-widget-icon\" data-id=\"3561b3d\" data-element_type=\"widget\" data-e-type=\"widget\" data-widget_type=\"icon.default\">\n\t\t\t\t<div class=\"elementor-widget-container\">\n\t\t\t\t\t\t\t<div class=\"elementor-icon-wrapper\">\n\t\t\t<div class=\"elementor-icon elementor-animation-grow\">\n\t\t\t<i aria-hidden=\"true\" class=\"fas fa-mobile-alt\"><\/i>\t\t\t<\/div>\n\t\t<\/div>\n\t\t\t\t\t\t<\/div>\n\t\t\t\t<\/div>\n\t\t\t\t<div class=\"elementor-element elementor-element-4ed0742 elementor-widget elementor-widget-heading\" data-id=\"4ed0742\" data-element_type=\"widget\" data-e-type=\"widget\" data-widget_type=\"heading.default\">\n\t\t\t\t<div class=\"elementor-widget-container\">\n\t\t\t\t\t<h3 class=\"elementor-heading-title elementor-size-default\">\u0130kinci \u00e7\u0131kt\u0131<\/h3>\t\t\t\t<\/div>\n\t\t\t\t<\/div>\n\t\t\t\t<div class=\"elementor-element elementor-element-4358517 elementor-widget-divider--view-line elementor-widget elementor-widget-divider\" data-id=\"4358517\" data-element_type=\"widget\" data-e-type=\"widget\" data-widget_type=\"divider.default\">\n\t\t\t\t<div class=\"elementor-widget-container\">\n\t\t\t\t\t\t\t<div class=\"elementor-divider\">\n\t\t\t<span class=\"elementor-divider-separator\">\n\t\t\t\t\t\t<\/span>\n\t\t<\/div>\n\t\t\t\t\t\t<\/div>\n\t\t\t\t<\/div>\n\t\t\t\t<div class=\"elementor-element elementor-element-5fcc23b elementor-widget elementor-widget-text-editor\" data-id=\"5fcc23b\" data-element_type=\"widget\" data-e-type=\"widget\" data-widget_type=\"text-editor.default\">\n\t\t\t\t<div class=\"elementor-widget-container\">\n\t\t\t\t\t\t\t\t\t<p>a\u00e7\u0131k inovasyon uygulamalar\u0131n\u0131 tan\u0131tma konusunda k\u0131lavuzlar i\u00e7eren bir mobil uygulamad\u0131r.<\/p><p>Android ve iOS cihazlar. Daha \u00f6nce a\u00e7\u0131klanan 2 hedef grup i\u00e7in tasarlanacakt\u0131r. \u0130nteraktif formda dijitalle\u015ftirilmi\u015f materyal hedef kitlelerle test edilecektir.<\/p>\t\t\t\t\t\t\t\t<\/div>\n\t\t\t\t<\/div>\n\t\t\t\t<div class=\"elementor-element elementor-element-e559b24 elementor-grid-3 elementor-shape-rounded e-grid-align-center elementor-widget elementor-widget-social-icons\" data-id=\"e559b24\" data-element_type=\"widget\" data-e-type=\"widget\" data-widget_type=\"social-icons.default\">\n\t\t\t\t<div class=\"elementor-widget-container\">\n\t\t\t\t\t\t\t<div class=\"elementor-social-icons-wrapper elementor-grid\" role=\"list\">\n\t\t\t\t\t\t\t<span class=\"elementor-grid-item\" role=\"listitem\">\n\t\t\t\t\t<a class=\"elementor-icon elementor-social-icon elementor-social-icon-android elementor-animation-bounce-in elementor-repeater-item-96ca448\" href=\"#\" target=\"_blank\">\n\t\t\t\t\t\t<span class=\"elementor-screen-only\">Android<\/span>\n\t\t\t\t\t\t<i aria-hidden=\"true\" class=\"fab fa-android\"><\/i>\t\t\t\t\t<\/a>\n\t\t\t\t<\/span>\n\t\t\t\t\t\t\t<span class=\"elementor-grid-item\" role=\"listitem\">\n\t\t\t\t\t<a class=\"elementor-icon elementor-social-icon elementor-social-icon-apple elementor-animation-bounce-in elementor-repeater-item-1148a1d\" href=\"#\" target=\"_blank\">\n\t\t\t\t\t\t<span class=\"elementor-screen-only\">Apple<\/span>\n\t\t\t\t\t\t<i aria-hidden=\"true\" class=\"fab fa-apple\"><\/i>\t\t\t\t\t<\/a>\n\t\t\t\t<\/span>\n\t\t\t\t\t<\/div>\n\t\t\t\t\t\t<\/div>\n\t\t\t\t<\/div>\n\t\t\t\t\t<\/div>\n\t\t<\/div>\n\t\t\t\t\t<\/div>\n\t\t<\/section>\n\t\t\t\t<div class=\"elementor-element elementor-element-5ed411b elementor-widget elementor-widget-text-editor\" data-id=\"5ed411b\" data-element_type=\"widget\" data-e-type=\"widget\" data-widget_type=\"text-editor.default\">\n\t\t\t\t<div class=\"elementor-widget-container\">\n\t\t\t\t\t\t\t\t\t<p><strong>Proje ayr\u0131ca,<\/strong> proje sonu\u00e7lar\u0131n\u0131n payla\u015f\u0131lmas\u0131 i\u00e7in destekleyici ara\u00e7lar\u0131n, yani halkla ili\u015fkiler ara\u00e7lar\u0131n\u0131n ve faaliyetlerinin olu\u015fturulmas\u0131n\u0131 da \u00f6ng\u00f6rmektedir.<\/p>\t\t\t\t\t\t\t\t<\/div>\n\t\t\t\t<\/div>\n\t\t\t\t<div class=\"elementor-element elementor-element-934bc5f elementor-widget elementor-widget-heading\" data-id=\"934bc5f\" data-element_type=\"widget\" data-e-type=\"widget\" data-widget_type=\"heading.default\">\n\t\t\t\t<div class=\"elementor-widget-container\">\n\t\t\t\t\t<h2 class=\"elementor-heading-title elementor-size-default\">\nHedef Gruplar<\/h2>\t\t\t\t<\/div>\n\t\t\t\t<\/div>\n\t\t\t\t<div class=\"elementor-element elementor-element-95b718e elementor-widget-divider--view-line elementor-widget elementor-widget-divider\" data-id=\"95b718e\" data-element_type=\"widget\" data-e-type=\"widget\" data-widget_type=\"divider.default\">\n\t\t\t\t<div class=\"elementor-widget-container\">\n\t\t\t\t\t\t\t<div class=\"elementor-divider\">\n\t\t\t<span class=\"elementor-divider-separator\">\n\t\t\t\t\t\t<\/span>\n\t\t<\/div>\n\t\t\t\t\t\t<\/div>\n\t\t\t\t<\/div>\n\t\t\t\t<div class=\"elementor-element elementor-element-022f318 elementor-widget elementor-widget-text-editor\" data-id=\"022f318\" data-element_type=\"widget\" data-e-type=\"widget\" data-widget_type=\"text-editor.default\">\n\t\t\t\t<div class=\"elementor-widget-container\">\n\t\t\t\t\t\t\t\t\t<p>OPEN4U hedef gruplar\u0131 \u015funlard\u0131r:<\/p><p>TG1: KOB\u0130&#8217;lerde Junior ve Senior personel, Ar-Ge ekibi \u00fcyeleri.<\/p><p>TG2: Mesleki e\u011fitim kurumlar\u0131, mesleki e\u011fitim e\u011fitmenleri.<\/p><p>Di\u011fer payda\u015flar: Giri\u015fimcilik Kulu\u00e7ka Merkezleri, B\u00f6lgesel Kalk\u0131nma Ajanslar\u0131, Ticaret Odalar\u0131.<\/p>\t\t\t\t\t\t\t\t<\/div>\n\t\t\t\t<\/div>\n\t\t\t\t\t<\/div>\n\t\t<\/div>\n\t\t\t\t\t<\/div>\n\t\t<\/section>\n\t\t\t\t<\/div>\n\t\t","protected":false},"excerpt":{"rendered":"<p>OPEN4U Hakk\u0131nda daha fazla Tan\u0131t\u0131m Biliyor musun? Yetenekli \u00e7al\u0131\u015fanlardan gelen ilk fikirlerin daha fazla analiz edilebilmesi ve her iki durumda da i\u015fletmede olumlu d\u00f6n\u00fc\u015ft\u00fcr\u00fcc\u00fc de\u011fi\u015fikliklerin getirilmesi i\u00e7in bir seviye daha yukar\u0131ya g\u00f6t\u00fcr\u00fclebilir veya yenileri d\u00fc\u015f\u00fcn\u00fclebilir. Yeni teknolojilerin ve sosyal geli\u015fimin zorlad\u0131\u011f\u0131 dijitalle\u015fme, a\u00e7\u0131k inovasyonun anahtar\u0131d\u0131r. Ancak a\u00e7\u0131k inovasyon, kesin stratejiler kategorisinde alg\u0131lanmaz, zaman i\u00e7inde ve&hellip;&nbsp;<\/p>\n","protected":false},"author":1,"featured_media":0,"parent":0,"menu_order":0,"comment_status":"closed","ping_status":"closed","template":"page-templates\/template-pagebuilder-full-width.php","meta":{"neve_meta_sidebar":"","neve_meta_container":"","neve_meta_enable_content_width":"off","neve_meta_content_width":100,"neve_meta_title_alignment":"","neve_meta_author_avatar":"","neve_post_elements_order":"","neve_meta_disable_header":"","neve_meta_disable_footer":"","neve_meta_disable_title":"","footnotes":""},"class_list":["post-141","page","type-page","status-publish","hentry"],"_links":{"self":[{"href":"https:\/\/open4u.erasmus.site\/tr\/wp-json\/wp\/v2\/pages\/141","targetHints":{"allow":["GET"]}}],"collection":[{"href":"https:\/\/open4u.erasmus.site\/tr\/wp-json\/wp\/v2\/pages"}],"about":[{"href":"https:\/\/open4u.erasmus.site\/tr\/wp-json\/wp\/v2\/types\/page"}],"author":[{"embeddable":true,"href":"https:\/\/open4u.erasmus.site\/tr\/wp-json\/wp\/v2\/users\/1"}],"replies":[{"embeddable":true,"href":"https:\/\/open4u.erasmus.site\/tr\/wp-json\/wp\/v2\/comments?post=141"}],"version-history":[{"count":98,"href":"https:\/\/open4u.erasmus.site\/tr\/wp-json\/wp\/v2\/pages\/141\/revisions"}],"predecessor-version":[{"id":503,"href":"https:\/\/open4u.erasmus.site\/tr\/wp-json\/wp\/v2\/pages\/141\/revisions\/503"}],"wp:attachment":[{"href":"https:\/\/open4u.erasmus.site\/tr\/wp-json\/wp\/v2\/media?parent=141"}],"curies":[{"name":"wp","href":"https:\/\/api.w.org\/{rel}","templated":true}]}}