{"id":141,"date":"2023-05-03T16:58:25","date_gmt":"2023-05-03T16:58:25","guid":{"rendered":"https:\/\/open4u.erasmus.site\/?page_id=141"},"modified":"2024-10-21T10:16:27","modified_gmt":"2024-10-21T10:16:27","slug":"more-about-open4u","status":"publish","type":"page","link":"https:\/\/open4u.erasmus.site\/pl\/more-about-open4u\/","title":{"rendered":"Wi\u0119cej o OPEN4U"},"content":{"rendered":"\t\t<div data-elementor-type=\"wp-page\" data-elementor-id=\"141\" class=\"elementor elementor-141\">\n\t\t\t\t\t\t<section class=\"elementor-section elementor-top-section elementor-element elementor-element-04b840b elementor-section-full_width elementor-section-height-default elementor-section-height-default\" data-id=\"04b840b\" data-element_type=\"section\" data-e-type=\"section\" data-settings=\"{&quot;background_background&quot;:&quot;classic&quot;}\">\n\t\t\t\t\t\t\t<div class=\"elementor-background-overlay\"><\/div>\n\t\t\t\t\t\t\t<div class=\"elementor-container elementor-column-gap-default\">\n\t\t\t\t\t<div class=\"elementor-column elementor-col-100 elementor-top-column elementor-element elementor-element-3875335\" data-id=\"3875335\" data-element_type=\"column\" data-e-type=\"column\">\n\t\t\t<div class=\"elementor-widget-wrap elementor-element-populated\">\n\t\t\t\t\t\t<div class=\"elementor-element elementor-element-888fbc3 elementor-widget elementor-widget-heading\" data-id=\"888fbc3\" data-element_type=\"widget\" data-e-type=\"widget\" data-widget_type=\"heading.default\">\n\t\t\t\t<div class=\"elementor-widget-container\">\n\t\t\t\t\t<h1 class=\"elementor-heading-title elementor-size-default\">Wi\u0119cej o OPEN4U<\/h1>\t\t\t\t<\/div>\n\t\t\t\t<\/div>\n\t\t\t\t\t<\/div>\n\t\t<\/div>\n\t\t\t\t\t<\/div>\n\t\t<\/section>\n\t\t\t\t<section class=\"elementor-section elementor-top-section elementor-element elementor-element-30c1780 elementor-section-height-min-height elementor-section-boxed elementor-section-height-default elementor-section-items-middle\" data-id=\"30c1780\" data-element_type=\"section\" data-e-type=\"section\" data-settings=\"{&quot;background_background&quot;:&quot;classic&quot;}\">\n\t\t\t\t\t\t<div class=\"elementor-container elementor-column-gap-default\">\n\t\t\t\t\t<div class=\"elementor-column elementor-col-100 elementor-top-column elementor-element elementor-element-24d906a\" data-id=\"24d906a\" data-element_type=\"column\" data-e-type=\"column\" data-settings=\"{&quot;background_background&quot;:&quot;classic&quot;}\">\n\t\t\t<div class=\"elementor-widget-wrap elementor-element-populated\">\n\t\t\t\t\t\t<div class=\"elementor-element elementor-element-1e4cacc elementor-widget elementor-widget-text-editor\" data-id=\"1e4cacc\" data-element_type=\"widget\" data-e-type=\"widget\" data-widget_type=\"text-editor.default\">\n\t\t\t\t<div class=\"elementor-widget-container\">\n\t\t\t\t\t\t\t\t\t<p><\/p><h3 style=\"text-align: center;\">Wprowadzenie<\/h3><p><strong><em>Czy wiesz, \u017ce&#8230;?<\/em><\/strong><\/p><p>To w\u0142a\u015bnie dzi\u0119ki otwartej innowacji pocz\u0105tkowe pomys\u0142y pochodz\u0105ce od utalentowanych pracownik\u00f3w mo\u017cna podda\u0107 dalszej analizie i przenie\u015b\u0107 o jeden poziom wy\u017cej lub rozwa\u017cy\u0107 nowe, w obu przypadkach dla wprowadzenia pozytywnych transformuj\u0105cych zmian w biznesie. Digitalizacja wymuszona przez nowe technologie i rozw\u00f3j spo\u0142eczny jest kluczowa dla otwartej innowacji. Jednak otwarta innowacja nie mo\u017ce by\u0107 postrzegana w kategorii konkretnych strategii, ale oceniana w czasie i wraz z transformacj\u0105 cyfrow\u0105.<\/p><p>Tym wa\u017cniejsza jest edukacja spo\u0142ecze\u0144stwa, uczni\u00f3w i przedsi\u0119biorstw w zakresie dzia\u0142a\u0144, kt\u00f3re mog\u0105 podj\u0105\u0107 w celu poprawy jako\u015bci \u017cycia w danym momencie.<\/p><p><strong>Jakie s\u0105 cele OPEN4U?<\/strong><\/p><p>Cele OPEN4U obejmuj\u0105:<\/p><ul><li>analiz\u0119 najnowszych praktyk w zakresie otwartych innowacji, wykraczaj\u0105cych poza standardowy program nauczania, na poziomie konsorcj\u00f3w;<\/li><li>wymian\u0119 dobrych praktyk w krajach Organizacji Wsp\u00f3\u0142pracy Gospodarczej i Rozwoju (OECD) oraz identyfikacj\u0119 strategii otwartych innowacji w zakresie kszta\u0142cenia i szkolenia zawodowego, czego efektem jest opracowanie interaktywnego katalogu otwartych innowacji, zawieraj\u0105cego zalecenia dotycz\u0105ce polityki w zakresie praktyk otwartych innowacji na poziomie regionalnym;<\/li><li>przygotowanie materia\u0142\u00f3w szkoleniowych dla 2 grup: starszych pracownik\u00f3w M\u015aP i personelu badawczo-rozwojowego w M\u015aP na temat nowych podej\u015b\u0107 do pracy z pracownikami w celu wprowadzenia ich do praktyk OI oraz dla m\u0142odszych pracownik\u00f3w M\u015aP i absolwent\u00f3w na temat tego, jak mog\u0105 przyczyni\u0107 si\u0119 do praktyk OI, a nast\u0119pnie cyfryzacja materia\u0142\u00f3w do aplikacji mobilnej.<\/li><\/ul><p><\/p><p><\/p>\t\t\t\t\t\t\t\t<\/div>\n\t\t\t\t<\/div>\n\t\t\t\t\t<\/div>\n\t\t<\/div>\n\t\t\t\t\t<\/div>\n\t\t<\/section>\n\t\t\t\t<section class=\"elementor-section elementor-top-section elementor-element elementor-element-672f6cc elementor-section-boxed elementor-section-height-default elementor-section-height-default\" data-id=\"672f6cc\" data-element_type=\"section\" data-e-type=\"section\" data-settings=\"{&quot;background_background&quot;:&quot;classic&quot;}\">\n\t\t\t\t\t\t\t<div class=\"elementor-background-overlay\"><\/div>\n\t\t\t\t\t\t\t<div class=\"elementor-container elementor-column-gap-default\">\n\t\t\t\t\t<div class=\"elementor-column elementor-col-100 elementor-top-column elementor-element elementor-element-188d3a7\" data-id=\"188d3a7\" data-element_type=\"column\" data-e-type=\"column\">\n\t\t\t<div class=\"elementor-widget-wrap elementor-element-populated\">\n\t\t\t\t\t\t<section class=\"elementor-section elementor-inner-section elementor-element elementor-element-0d0d3a5 elementor-section-boxed elementor-section-height-default elementor-section-height-default\" data-id=\"0d0d3a5\" data-element_type=\"section\" data-e-type=\"section\">\n\t\t\t\t\t\t<div class=\"elementor-container elementor-column-gap-default\">\n\t\t\t\t\t<div class=\"elementor-column elementor-col-100 elementor-inner-column elementor-element elementor-element-9c53b6b\" data-id=\"9c53b6b\" data-element_type=\"column\" data-e-type=\"column\">\n\t\t\t<div class=\"elementor-widget-wrap elementor-element-populated\">\n\t\t\t\t\t\t<div class=\"elementor-element elementor-element-dce1b8b elementor-widget elementor-widget-menu-anchor\" data-id=\"dce1b8b\" data-element_type=\"widget\" data-e-type=\"widget\" data-widget_type=\"menu-anchor.default\">\n\t\t\t\t<div class=\"elementor-widget-container\">\n\t\t\t\t\t\t\t<div class=\"elementor-menu-anchor\" id=\"results\"><\/div>\n\t\t\t\t\t\t<\/div>\n\t\t\t\t<\/div>\n\t\t\t\t<div class=\"elementor-element elementor-element-9feee22 elementor-widget elementor-widget-heading\" data-id=\"9feee22\" data-element_type=\"widget\" data-e-type=\"widget\" data-widget_type=\"heading.default\">\n\t\t\t\t<div class=\"elementor-widget-container\">\n\t\t\t\t\t<h2 class=\"elementor-heading-title elementor-size-default\">Rezultaty projektu<\/h2>\t\t\t\t<\/div>\n\t\t\t\t<\/div>\n\t\t\t\t<div class=\"elementor-element elementor-element-24418b3 elementor-widget-divider--view-line elementor-widget elementor-widget-divider\" data-id=\"24418b3\" data-element_type=\"widget\" data-e-type=\"widget\" data-widget_type=\"divider.default\">\n\t\t\t\t<div class=\"elementor-widget-container\">\n\t\t\t\t\t\t\t<div class=\"elementor-divider\">\n\t\t\t<span class=\"elementor-divider-separator\">\n\t\t\t\t\t\t<\/span>\n\t\t<\/div>\n\t\t\t\t\t\t<\/div>\n\t\t\t\t<\/div>\n\t\t\t\t\t<\/div>\n\t\t<\/div>\n\t\t\t\t\t<\/div>\n\t\t<\/section>\n\t\t\t\t<div class=\"elementor-element elementor-element-b2736b3 elementor-widget elementor-widget-text-editor\" data-id=\"b2736b3\" data-element_type=\"widget\" data-e-type=\"widget\" data-widget_type=\"text-editor.default\">\n\t\t\t\t<div class=\"elementor-widget-container\">\n\t\t\t\t\t\t\t\t\t<p>OPEN4U to dwa g\u0142\u00f3wne rezultaty w 7 j\u0119zykach. Ka\u017cdy z nich jest podzielony na szereg r\u00f3\u017cnych aktywno\u015bci.<\/p>\t\t\t\t\t\t\t\t<\/div>\n\t\t\t\t<\/div>\n\t\t\t\t<section class=\"elementor-section elementor-inner-section elementor-element elementor-element-1d809e7 elementor-section-boxed elementor-section-height-default elementor-section-height-default\" data-id=\"1d809e7\" data-element_type=\"section\" data-e-type=\"section\">\n\t\t\t\t\t\t<div class=\"elementor-container elementor-column-gap-default\">\n\t\t\t\t\t<div class=\"elementor-column elementor-col-50 elementor-inner-column elementor-element elementor-element-205bffb\" data-id=\"205bffb\" data-element_type=\"column\" data-e-type=\"column\" data-settings=\"{&quot;background_background&quot;:&quot;classic&quot;}\">\n\t\t\t<div class=\"elementor-widget-wrap elementor-element-populated\">\n\t\t\t\t\t\t<div class=\"elementor-element elementor-element-417db20 elementor-view-default elementor-widget elementor-widget-icon\" data-id=\"417db20\" data-element_type=\"widget\" data-e-type=\"widget\" data-widget_type=\"icon.default\">\n\t\t\t\t<div class=\"elementor-widget-container\">\n\t\t\t\t\t\t\t<div class=\"elementor-icon-wrapper\">\n\t\t\t<div class=\"elementor-icon elementor-animation-grow\">\n\t\t\t<i aria-hidden=\"true\" class=\"fas fa-award\"><\/i>\t\t\t<\/div>\n\t\t<\/div>\n\t\t\t\t\t\t<\/div>\n\t\t\t\t<\/div>\n\t\t\t\t<div class=\"elementor-element elementor-element-c11c172 elementor-widget elementor-widget-heading\" data-id=\"c11c172\" data-element_type=\"widget\" data-e-type=\"widget\" data-widget_type=\"heading.default\">\n\t\t\t\t<div class=\"elementor-widget-container\">\n\t\t\t\t\t<h3 class=\"elementor-heading-title elementor-size-default\">Pierwszym rezultatem<\/h3>\t\t\t\t<\/div>\n\t\t\t\t<\/div>\n\t\t\t\t<div class=\"elementor-element elementor-element-7dc4c8a elementor-widget-divider--view-line elementor-widget elementor-widget-divider\" data-id=\"7dc4c8a\" data-element_type=\"widget\" data-e-type=\"widget\" data-widget_type=\"divider.default\">\n\t\t\t\t<div class=\"elementor-widget-container\">\n\t\t\t\t\t\t\t<div class=\"elementor-divider\">\n\t\t\t<span class=\"elementor-divider-separator\">\n\t\t\t\t\t\t<\/span>\n\t\t<\/div>\n\t\t\t\t\t\t<\/div>\n\t\t\t\t<\/div>\n\t\t\t\t<div class=\"elementor-element elementor-element-2d51175 elementor-widget elementor-widget-text-editor\" data-id=\"2d51175\" data-element_type=\"widget\" data-e-type=\"widget\" data-widget_type=\"text-editor.default\">\n\t\t\t\t<div class=\"elementor-widget-container\">\n\t\t\t\t\t\t\t\t\t<p>jest interaktywny katalog otwartych innowacji, skupiaj\u0105cy si\u0119 na 7 regionach (ale 6 krajach). Przed jego utworzeniem zostanie napisany raport zawieraj\u0105cy identyfikacj\u0119 praktyk otwartej innowacji w oparciu o wyniki grup fokusowych oraz zalecenia dotycz\u0105ce strategii w zakresie praktyk otwartej innowacji na poziomie regionalnym. Ponadto, kluczowe informacje b\u0119d\u0105 przekazywane w cyfrowych kampaniach informacyjnych.<\/p>\t\t\t\t\t\t\t\t<\/div>\n\t\t\t\t<\/div>\n\t\t\t\t\t<\/div>\n\t\t<\/div>\n\t\t\t\t<div class=\"elementor-column elementor-col-50 elementor-inner-column elementor-element elementor-element-054b475\" data-id=\"054b475\" data-element_type=\"column\" data-e-type=\"column\" data-settings=\"{&quot;background_background&quot;:&quot;classic&quot;}\">\n\t\t\t<div class=\"elementor-widget-wrap elementor-element-populated\">\n\t\t\t\t\t\t<div class=\"elementor-element elementor-element-3561b3d elementor-view-default elementor-widget elementor-widget-icon\" data-id=\"3561b3d\" data-element_type=\"widget\" data-e-type=\"widget\" data-widget_type=\"icon.default\">\n\t\t\t\t<div class=\"elementor-widget-container\">\n\t\t\t\t\t\t\t<div class=\"elementor-icon-wrapper\">\n\t\t\t<div class=\"elementor-icon elementor-animation-grow\">\n\t\t\t<i aria-hidden=\"true\" class=\"fas fa-mobile-alt\"><\/i>\t\t\t<\/div>\n\t\t<\/div>\n\t\t\t\t\t\t<\/div>\n\t\t\t\t<\/div>\n\t\t\t\t<div class=\"elementor-element elementor-element-4ed0742 elementor-widget elementor-widget-heading\" data-id=\"4ed0742\" data-element_type=\"widget\" data-e-type=\"widget\" data-widget_type=\"heading.default\">\n\t\t\t\t<div class=\"elementor-widget-container\">\n\t\t\t\t\t<h3 class=\"elementor-heading-title elementor-size-default\">Drugim rezultatem<\/h3>\t\t\t\t<\/div>\n\t\t\t\t<\/div>\n\t\t\t\t<div class=\"elementor-element elementor-element-4358517 elementor-widget-divider--view-line elementor-widget elementor-widget-divider\" data-id=\"4358517\" data-element_type=\"widget\" data-e-type=\"widget\" data-widget_type=\"divider.default\">\n\t\t\t\t<div class=\"elementor-widget-container\">\n\t\t\t\t\t\t\t<div class=\"elementor-divider\">\n\t\t\t<span class=\"elementor-divider-separator\">\n\t\t\t\t\t\t<\/span>\n\t\t<\/div>\n\t\t\t\t\t\t<\/div>\n\t\t\t\t<\/div>\n\t\t\t\t<div class=\"elementor-element elementor-element-5fcc23b elementor-widget elementor-widget-text-editor\" data-id=\"5fcc23b\" data-element_type=\"widget\" data-e-type=\"widget\" data-widget_type=\"text-editor.default\">\n\t\t\t\t<div class=\"elementor-widget-container\">\n\t\t\t\t\t\t\t\t\t<p>jest aplikacja mobilna z przewodnikami dotycz\u0105cymi wprowadzania otwartych praktyk innowacyjnych, dost\u0119pna na urz\u0105dzenia Android i iOS. B\u0119dzie ona przeznaczona dla dw\u00f3ch wcze\u015bniej opisanych grup docelowych. Cyfrowy materia\u0142 edukacyjny w formie interaktywnej b\u0119dzie testowany przez grupy docelowe. <\/p>\t\t\t\t\t\t\t\t<\/div>\n\t\t\t\t<\/div>\n\t\t\t\t<div class=\"elementor-element elementor-element-e559b24 elementor-grid-3 elementor-shape-rounded e-grid-align-center elementor-widget elementor-widget-social-icons\" data-id=\"e559b24\" data-element_type=\"widget\" data-e-type=\"widget\" data-widget_type=\"social-icons.default\">\n\t\t\t\t<div class=\"elementor-widget-container\">\n\t\t\t\t\t\t\t<div class=\"elementor-social-icons-wrapper elementor-grid\" role=\"list\">\n\t\t\t\t\t\t\t<span class=\"elementor-grid-item\" role=\"listitem\">\n\t\t\t\t\t<a class=\"elementor-icon elementor-social-icon elementor-social-icon-android elementor-animation-bounce-in elementor-repeater-item-96ca448\" href=\"#\" target=\"_blank\">\n\t\t\t\t\t\t<span class=\"elementor-screen-only\">Android<\/span>\n\t\t\t\t\t\t<i aria-hidden=\"true\" class=\"fab fa-android\"><\/i>\t\t\t\t\t<\/a>\n\t\t\t\t<\/span>\n\t\t\t\t\t\t\t<span class=\"elementor-grid-item\" role=\"listitem\">\n\t\t\t\t\t<a class=\"elementor-icon elementor-social-icon elementor-social-icon-apple elementor-animation-bounce-in elementor-repeater-item-1148a1d\" href=\"#\" target=\"_blank\">\n\t\t\t\t\t\t<span class=\"elementor-screen-only\">Apple<\/span>\n\t\t\t\t\t\t<i aria-hidden=\"true\" class=\"fab fa-apple\"><\/i>\t\t\t\t\t<\/a>\n\t\t\t\t<\/span>\n\t\t\t\t\t<\/div>\n\t\t\t\t\t\t<\/div>\n\t\t\t\t<\/div>\n\t\t\t\t\t<\/div>\n\t\t<\/div>\n\t\t\t\t\t<\/div>\n\t\t<\/section>\n\t\t\t\t<div class=\"elementor-element elementor-element-5ed411b elementor-widget elementor-widget-text-editor\" data-id=\"5ed411b\" data-element_type=\"widget\" data-e-type=\"widget\" data-widget_type=\"text-editor.default\">\n\t\t\t\t<div class=\"elementor-widget-container\">\n\t\t\t\t\t\t\t\t\t<p><strong>Projekt przewiduje r\u00f3wnie\u017c<\/strong> stworzenie narz\u0119dzi wspomagaj\u0105cych s\u0142u\u017c\u0105cych upowszechnianiu rezultat\u00f3w projektu. <\/p>\t\t\t\t\t\t\t\t<\/div>\n\t\t\t\t<\/div>\n\t\t\t\t<div class=\"elementor-element elementor-element-934bc5f elementor-widget elementor-widget-heading\" data-id=\"934bc5f\" data-element_type=\"widget\" data-e-type=\"widget\" data-widget_type=\"heading.default\">\n\t\t\t\t<div class=\"elementor-widget-container\">\n\t\t\t\t\t<h2 class=\"elementor-heading-title elementor-size-default\">Grupy docelowe\n<\/h2>\t\t\t\t<\/div>\n\t\t\t\t<\/div>\n\t\t\t\t<div class=\"elementor-element elementor-element-95b718e elementor-widget-divider--view-line elementor-widget elementor-widget-divider\" data-id=\"95b718e\" data-element_type=\"widget\" data-e-type=\"widget\" data-widget_type=\"divider.default\">\n\t\t\t\t<div class=\"elementor-widget-container\">\n\t\t\t\t\t\t\t<div class=\"elementor-divider\">\n\t\t\t<span class=\"elementor-divider-separator\">\n\t\t\t\t\t\t<\/span>\n\t\t<\/div>\n\t\t\t\t\t\t<\/div>\n\t\t\t\t<\/div>\n\t\t\t\t<div class=\"elementor-element elementor-element-022f318 elementor-widget elementor-widget-text-editor\" data-id=\"022f318\" data-element_type=\"widget\" data-e-type=\"widget\" data-widget_type=\"text-editor.default\">\n\t\t\t\t<div class=\"elementor-widget-container\">\n\t\t\t\t\t\t\t\t\t<p>Grupy docelowe OPEN4U to:<\/p><p>GD1: Pracownicy m\u0142odsi i starsi sta\u017cem w M\u015aP, cz\u0142onkowie zespo\u0142\u00f3w bada\u0144 i rozwoju.<\/p><p>GD2: Instytucje VET, trenerzy VET.<\/p><p>Inni interesariusze: Inkubatory Przedsi\u0119biorczo\u015bci, Agencje Rozwoju Regionalnego, Izby Gospodarcze. <\/p>\t\t\t\t\t\t\t\t<\/div>\n\t\t\t\t<\/div>\n\t\t\t\t\t<\/div>\n\t\t<\/div>\n\t\t\t\t\t<\/div>\n\t\t<\/section>\n\t\t\t\t<\/div>\n\t\t","protected":false},"excerpt":{"rendered":"<p>Wi\u0119cej o OPEN4U Wprowadzenie Czy wiesz, \u017ce&#8230;? To w\u0142a\u015bnie dzi\u0119ki otwartej innowacji pocz\u0105tkowe pomys\u0142y pochodz\u0105ce od utalentowanych pracownik\u00f3w mo\u017cna podda\u0107 dalszej analizie i przenie\u015b\u0107 o jeden poziom wy\u017cej lub rozwa\u017cy\u0107 nowe, w obu przypadkach dla wprowadzenia pozytywnych transformuj\u0105cych zmian w biznesie. Digitalizacja wymuszona przez nowe technologie i rozw\u00f3j spo\u0142eczny jest kluczowa dla otwartej innowacji. Jednak&hellip;&nbsp;<\/p>\n","protected":false},"author":1,"featured_media":0,"parent":0,"menu_order":0,"comment_status":"closed","ping_status":"closed","template":"page-templates\/template-pagebuilder-full-width.php","meta":{"neve_meta_sidebar":"","neve_meta_container":"","neve_meta_enable_content_width":"off","neve_meta_content_width":100,"neve_meta_title_alignment":"","neve_meta_author_avatar":"","neve_post_elements_order":"","neve_meta_disable_header":"","neve_meta_disable_footer":"","neve_meta_disable_title":"","footnotes":""},"class_list":["post-141","page","type-page","status-publish","hentry"],"_links":{"self":[{"href":"https:\/\/open4u.erasmus.site\/pl\/wp-json\/wp\/v2\/pages\/141","targetHints":{"allow":["GET"]}}],"collection":[{"href":"https:\/\/open4u.erasmus.site\/pl\/wp-json\/wp\/v2\/pages"}],"about":[{"href":"https:\/\/open4u.erasmus.site\/pl\/wp-json\/wp\/v2\/types\/page"}],"author":[{"embeddable":true,"href":"https:\/\/open4u.erasmus.site\/pl\/wp-json\/wp\/v2\/users\/1"}],"replies":[{"embeddable":true,"href":"https:\/\/open4u.erasmus.site\/pl\/wp-json\/wp\/v2\/comments?post=141"}],"version-history":[{"count":98,"href":"https:\/\/open4u.erasmus.site\/pl\/wp-json\/wp\/v2\/pages\/141\/revisions"}],"predecessor-version":[{"id":503,"href":"https:\/\/open4u.erasmus.site\/pl\/wp-json\/wp\/v2\/pages\/141\/revisions\/503"}],"wp:attachment":[{"href":"https:\/\/open4u.erasmus.site\/pl\/wp-json\/wp\/v2\/media?parent=141"}],"curies":[{"name":"wp","href":"https:\/\/api.w.org\/{rel}","templated":true}]}}