{"id":141,"date":"2023-05-03T16:58:25","date_gmt":"2023-05-03T16:58:25","guid":{"rendered":"https:\/\/open4u.erasmus.site\/?page_id=141"},"modified":"2024-10-21T10:16:27","modified_gmt":"2024-10-21T10:16:27","slug":"more-about-open4u","status":"publish","type":"page","link":"https:\/\/open4u.erasmus.site\/fr\/more-about-open4u\/","title":{"rendered":"En savoir plus sur OPEN4U"},"content":{"rendered":"\t\t<div data-elementor-type=\"wp-page\" data-elementor-id=\"141\" class=\"elementor elementor-141\">\n\t\t\t\t\t\t<section class=\"elementor-section elementor-top-section elementor-element elementor-element-04b840b elementor-section-full_width elementor-section-height-default elementor-section-height-default\" data-id=\"04b840b\" data-element_type=\"section\" data-e-type=\"section\" data-settings=\"{&quot;background_background&quot;:&quot;classic&quot;}\">\n\t\t\t\t\t\t\t<div class=\"elementor-background-overlay\"><\/div>\n\t\t\t\t\t\t\t<div class=\"elementor-container elementor-column-gap-default\">\n\t\t\t\t\t<div class=\"elementor-column elementor-col-100 elementor-top-column elementor-element elementor-element-3875335\" data-id=\"3875335\" data-element_type=\"column\" data-e-type=\"column\">\n\t\t\t<div class=\"elementor-widget-wrap elementor-element-populated\">\n\t\t\t\t\t\t<div class=\"elementor-element elementor-element-888fbc3 elementor-widget elementor-widget-heading\" data-id=\"888fbc3\" data-element_type=\"widget\" data-e-type=\"widget\" data-widget_type=\"heading.default\">\n\t\t\t\t<div class=\"elementor-widget-container\">\n\t\t\t\t\t<h1 class=\"elementor-heading-title elementor-size-default\">En savoir plus sur OPEN4U<\/h1>\t\t\t\t<\/div>\n\t\t\t\t<\/div>\n\t\t\t\t\t<\/div>\n\t\t<\/div>\n\t\t\t\t\t<\/div>\n\t\t<\/section>\n\t\t\t\t<section class=\"elementor-section elementor-top-section elementor-element elementor-element-30c1780 elementor-section-height-min-height elementor-section-boxed elementor-section-height-default elementor-section-items-middle\" data-id=\"30c1780\" data-element_type=\"section\" data-e-type=\"section\" data-settings=\"{&quot;background_background&quot;:&quot;classic&quot;}\">\n\t\t\t\t\t\t<div class=\"elementor-container elementor-column-gap-default\">\n\t\t\t\t\t<div class=\"elementor-column elementor-col-100 elementor-top-column elementor-element elementor-element-24d906a\" data-id=\"24d906a\" data-element_type=\"column\" data-e-type=\"column\" data-settings=\"{&quot;background_background&quot;:&quot;classic&quot;}\">\n\t\t\t<div class=\"elementor-widget-wrap elementor-element-populated\">\n\t\t\t\t\t\t<div class=\"elementor-element elementor-element-1e4cacc elementor-widget elementor-widget-text-editor\" data-id=\"1e4cacc\" data-element_type=\"widget\" data-e-type=\"widget\" data-widget_type=\"text-editor.default\">\n\t\t\t\t<div class=\"elementor-widget-container\">\n\t\t\t\t\t\t\t\t\t<p><\/p><p><\/p><h3 style=\"text-align: center;\">Introduction<\/h3><p><strong><em>Saviez-vous?<\/em><\/strong><\/p><p>C&rsquo;est gr\u00e2ce \u00e0 l&rsquo;innovation ouverte que les id\u00e9es initiales \u00e9manant d&#8217;employ\u00e9s talentueux peuvent \u00eatre analys\u00e9es plus en profondeur et pris un niveau sup\u00e9rieur, ou de nouveaux peuvent \u00eatre envisag\u00e9s, dans les deux cas pour l&rsquo;introduction de changements transformateurs positifs dans l&rsquo;entreprise. La num\u00e9risation forc\u00e9e par les nouvelles technologies et le d\u00e9veloppement social est la cl\u00e9 de l&rsquo;innovation ouverte. Pourtant, l&rsquo;innovation ouverte ne peut \u00eatre per\u00e7ue dans la cat\u00e9gorie des strat\u00e9gies d\u00e9finies, mais \u00e9valu\u00e9e dans le temps et avec la transformation num\u00e9rique.<\/p><p>Il est donc encore plus important d&rsquo;\u00e9duquer la soci\u00e9t\u00e9, les apprenants et les entreprises sur les actions qu&rsquo;ils peuvent entreprendre pour am\u00e9liorer la qualit\u00e9 de vie \u00e0 l&rsquo;heure actuelle.<\/p><p><strong><em>Quels sont les objectifs d&rsquo;OPEN4U ?<\/em><\/strong><\/p><p>Les objectifs d&rsquo;OPEN4U incluent:<\/p><ul><li>analyser les pratiques d&rsquo;innovation ouverte les plus r\u00e9centes, au-del\u00e0 du programme standard, au niveau du consortium\u00a0;<\/li><li>l&rsquo;\u00e9change de bonnes pratiques entre les pays de l&rsquo;OCDE et l&rsquo;identification de strat\u00e9gies d&rsquo;innovation ouverte pour l&rsquo;EFP, aboutissant \u00e0 l&rsquo;\u00e9laboration d&rsquo;un catalogue interactif d&rsquo;innovation ouverte, comprenant des recommandations politiques sur les pratiques d&rsquo;innovation ouverte au niveau r\u00e9gional;<\/li><li>pr\u00e9paration de supports de formation pour 2 groupes : salari\u00e9s seniors de PME et personnels R&amp;D de PME sur les nouvelles approches de travail avec les salari\u00e9s pour les initier aux pratiques OI, et pour les salari\u00e9s juniors PME et dipl\u00f4m\u00e9s sur la mani\u00e8re dont ils peuvent contribuer aux pratiques OI, suivi de la digitalisation de mat\u00e9riel \u00e0 une application mobile.<\/li><\/ul><p><\/p>\t\t\t\t\t\t\t\t<\/div>\n\t\t\t\t<\/div>\n\t\t\t\t\t<\/div>\n\t\t<\/div>\n\t\t\t\t\t<\/div>\n\t\t<\/section>\n\t\t\t\t<section class=\"elementor-section elementor-top-section elementor-element elementor-element-672f6cc elementor-section-boxed elementor-section-height-default elementor-section-height-default\" data-id=\"672f6cc\" data-element_type=\"section\" data-e-type=\"section\" data-settings=\"{&quot;background_background&quot;:&quot;classic&quot;}\">\n\t\t\t\t\t\t\t<div class=\"elementor-background-overlay\"><\/div>\n\t\t\t\t\t\t\t<div class=\"elementor-container elementor-column-gap-default\">\n\t\t\t\t\t<div class=\"elementor-column elementor-col-100 elementor-top-column elementor-element elementor-element-188d3a7\" data-id=\"188d3a7\" data-element_type=\"column\" data-e-type=\"column\">\n\t\t\t<div class=\"elementor-widget-wrap elementor-element-populated\">\n\t\t\t\t\t\t<section class=\"elementor-section elementor-inner-section elementor-element elementor-element-0d0d3a5 elementor-section-boxed elementor-section-height-default elementor-section-height-default\" data-id=\"0d0d3a5\" data-element_type=\"section\" data-e-type=\"section\">\n\t\t\t\t\t\t<div class=\"elementor-container elementor-column-gap-default\">\n\t\t\t\t\t<div class=\"elementor-column elementor-col-100 elementor-inner-column elementor-element elementor-element-9c53b6b\" data-id=\"9c53b6b\" data-element_type=\"column\" data-e-type=\"column\">\n\t\t\t<div class=\"elementor-widget-wrap elementor-element-populated\">\n\t\t\t\t\t\t<div class=\"elementor-element elementor-element-dce1b8b elementor-widget elementor-widget-menu-anchor\" data-id=\"dce1b8b\" data-element_type=\"widget\" data-e-type=\"widget\" data-widget_type=\"menu-anchor.default\">\n\t\t\t\t<div class=\"elementor-widget-container\">\n\t\t\t\t\t\t\t<div class=\"elementor-menu-anchor\" id=\"results\"><\/div>\n\t\t\t\t\t\t<\/div>\n\t\t\t\t<\/div>\n\t\t\t\t<div class=\"elementor-element elementor-element-9feee22 elementor-widget elementor-widget-heading\" data-id=\"9feee22\" data-element_type=\"widget\" data-e-type=\"widget\" data-widget_type=\"heading.default\">\n\t\t\t\t<div class=\"elementor-widget-container\">\n\t\t\t\t\t<h2 class=\"elementor-heading-title elementor-size-default\">R\u00e9sultats du projet<\/h2>\t\t\t\t<\/div>\n\t\t\t\t<\/div>\n\t\t\t\t<div class=\"elementor-element elementor-element-24418b3 elementor-widget-divider--view-line elementor-widget elementor-widget-divider\" data-id=\"24418b3\" data-element_type=\"widget\" data-e-type=\"widget\" data-widget_type=\"divider.default\">\n\t\t\t\t<div class=\"elementor-widget-container\">\n\t\t\t\t\t\t\t<div class=\"elementor-divider\">\n\t\t\t<span class=\"elementor-divider-separator\">\n\t\t\t\t\t\t<\/span>\n\t\t<\/div>\n\t\t\t\t\t\t<\/div>\n\t\t\t\t<\/div>\n\t\t\t\t\t<\/div>\n\t\t<\/div>\n\t\t\t\t\t<\/div>\n\t\t<\/section>\n\t\t\t\t<div class=\"elementor-element elementor-element-b2736b3 elementor-widget elementor-widget-text-editor\" data-id=\"b2736b3\" data-element_type=\"widget\" data-e-type=\"widget\" data-widget_type=\"text-editor.default\">\n\t\t\t\t<div class=\"elementor-widget-container\">\n\t\t\t\t\t\t\t\t\t<p>OPEN4U, c&rsquo;est deux r\u00e9sultats principaux en 7 langues divis\u00e9s chacun en plusieurs activit\u00e9s.<\/p>\t\t\t\t\t\t\t\t<\/div>\n\t\t\t\t<\/div>\n\t\t\t\t<section class=\"elementor-section elementor-inner-section elementor-element elementor-element-1d809e7 elementor-section-boxed elementor-section-height-default elementor-section-height-default\" data-id=\"1d809e7\" data-element_type=\"section\" data-e-type=\"section\">\n\t\t\t\t\t\t<div class=\"elementor-container elementor-column-gap-default\">\n\t\t\t\t\t<div class=\"elementor-column elementor-col-50 elementor-inner-column elementor-element elementor-element-205bffb\" data-id=\"205bffb\" data-element_type=\"column\" data-e-type=\"column\" data-settings=\"{&quot;background_background&quot;:&quot;classic&quot;}\">\n\t\t\t<div class=\"elementor-widget-wrap elementor-element-populated\">\n\t\t\t\t\t\t<div class=\"elementor-element elementor-element-417db20 elementor-view-default elementor-widget elementor-widget-icon\" data-id=\"417db20\" data-element_type=\"widget\" data-e-type=\"widget\" data-widget_type=\"icon.default\">\n\t\t\t\t<div class=\"elementor-widget-container\">\n\t\t\t\t\t\t\t<div class=\"elementor-icon-wrapper\">\n\t\t\t<div class=\"elementor-icon elementor-animation-grow\">\n\t\t\t<i aria-hidden=\"true\" class=\"fas fa-award\"><\/i>\t\t\t<\/div>\n\t\t<\/div>\n\t\t\t\t\t\t<\/div>\n\t\t\t\t<\/div>\n\t\t\t\t<div class=\"elementor-element elementor-element-c11c172 elementor-widget elementor-widget-heading\" data-id=\"c11c172\" data-element_type=\"widget\" data-e-type=\"widget\" data-widget_type=\"heading.default\">\n\t\t\t\t<div class=\"elementor-widget-container\">\n\t\t\t\t\t<h3 class=\"elementor-heading-title elementor-size-default\">Le premier r\u00e9sultat principal<\/h3>\t\t\t\t<\/div>\n\t\t\t\t<\/div>\n\t\t\t\t<div class=\"elementor-element elementor-element-7dc4c8a elementor-widget-divider--view-line elementor-widget elementor-widget-divider\" data-id=\"7dc4c8a\" data-element_type=\"widget\" data-e-type=\"widget\" data-widget_type=\"divider.default\">\n\t\t\t\t<div class=\"elementor-widget-container\">\n\t\t\t\t\t\t\t<div class=\"elementor-divider\">\n\t\t\t<span class=\"elementor-divider-separator\">\n\t\t\t\t\t\t<\/span>\n\t\t<\/div>\n\t\t\t\t\t\t<\/div>\n\t\t\t\t<\/div>\n\t\t\t\t<div class=\"elementor-element elementor-element-2d51175 elementor-widget elementor-widget-text-editor\" data-id=\"2d51175\" data-element_type=\"widget\" data-e-type=\"widget\" data-widget_type=\"text-editor.default\">\n\t\t\t\t<div class=\"elementor-widget-container\">\n\t\t\t\t\t\t\t\t\t<p>est un catalogue interactif d&rsquo;innovation ouverte, centr\u00e9 sur 7 r\u00e9gions (mais 6 pays). Avant sa formation, un rapport sera r\u00e9dig\u00e9 avec l&rsquo;identification des pratiques d&rsquo;innovation ouverte sur la base des r\u00e9sultats des groupes de discussion et des recommandations politiques sur les pratiques d&rsquo;innovation ouverte au niveau r\u00e9gional. De plus, des informations cl\u00e9s seront communiqu\u00e9es dans des campagnes de sensibilisation num\u00e9riques.<\/p>\t\t\t\t\t\t\t\t<\/div>\n\t\t\t\t<\/div>\n\t\t\t\t\t<\/div>\n\t\t<\/div>\n\t\t\t\t<div class=\"elementor-column elementor-col-50 elementor-inner-column elementor-element elementor-element-054b475\" data-id=\"054b475\" data-element_type=\"column\" data-e-type=\"column\" data-settings=\"{&quot;background_background&quot;:&quot;classic&quot;}\">\n\t\t\t<div class=\"elementor-widget-wrap elementor-element-populated\">\n\t\t\t\t\t\t<div class=\"elementor-element elementor-element-3561b3d elementor-view-default elementor-widget elementor-widget-icon\" data-id=\"3561b3d\" data-element_type=\"widget\" data-e-type=\"widget\" data-widget_type=\"icon.default\">\n\t\t\t\t<div class=\"elementor-widget-container\">\n\t\t\t\t\t\t\t<div class=\"elementor-icon-wrapper\">\n\t\t\t<div class=\"elementor-icon elementor-animation-grow\">\n\t\t\t<i aria-hidden=\"true\" class=\"fas fa-mobile-alt\"><\/i>\t\t\t<\/div>\n\t\t<\/div>\n\t\t\t\t\t\t<\/div>\n\t\t\t\t<\/div>\n\t\t\t\t<div class=\"elementor-element elementor-element-4ed0742 elementor-widget elementor-widget-heading\" data-id=\"4ed0742\" data-element_type=\"widget\" data-e-type=\"widget\" data-widget_type=\"heading.default\">\n\t\t\t\t<div class=\"elementor-widget-container\">\n\t\t\t\t\t<h3 class=\"elementor-heading-title elementor-size-default\">Le deuxi\u00e8me r\u00e9sultat principal<\/h3>\t\t\t\t<\/div>\n\t\t\t\t<\/div>\n\t\t\t\t<div class=\"elementor-element elementor-element-4358517 elementor-widget-divider--view-line elementor-widget elementor-widget-divider\" data-id=\"4358517\" data-element_type=\"widget\" data-e-type=\"widget\" data-widget_type=\"divider.default\">\n\t\t\t\t<div class=\"elementor-widget-container\">\n\t\t\t\t\t\t\t<div class=\"elementor-divider\">\n\t\t\t<span class=\"elementor-divider-separator\">\n\t\t\t\t\t\t<\/span>\n\t\t<\/div>\n\t\t\t\t\t\t<\/div>\n\t\t\t\t<\/div>\n\t\t\t\t<div class=\"elementor-element elementor-element-5fcc23b elementor-widget elementor-widget-text-editor\" data-id=\"5fcc23b\" data-element_type=\"widget\" data-e-type=\"widget\" data-widget_type=\"text-editor.default\">\n\t\t\t\t<div class=\"elementor-widget-container\">\n\t\t\t\t\t\t\t\t\t<p>est une application mobile avec des guides sur l&rsquo;introduction de pratiques d&rsquo;innovation ouverte, mis \u00e0 disposition pour Appareils Android et iOS. Il sera destin\u00e9 aux 2 groupes cibles pr\u00e9c\u00e9demment d\u00e9crits. Le mat\u00e9riel num\u00e9ris\u00e9 sous forme interactive sera test\u00e9 avec les groupes cibles.<\/p>\t\t\t\t\t\t\t\t<\/div>\n\t\t\t\t<\/div>\n\t\t\t\t<div class=\"elementor-element elementor-element-e559b24 elementor-grid-3 elementor-shape-rounded e-grid-align-center elementor-widget elementor-widget-social-icons\" data-id=\"e559b24\" data-element_type=\"widget\" data-e-type=\"widget\" data-widget_type=\"social-icons.default\">\n\t\t\t\t<div class=\"elementor-widget-container\">\n\t\t\t\t\t\t\t<div class=\"elementor-social-icons-wrapper elementor-grid\" role=\"list\">\n\t\t\t\t\t\t\t<span class=\"elementor-grid-item\" role=\"listitem\">\n\t\t\t\t\t<a class=\"elementor-icon elementor-social-icon elementor-social-icon-android elementor-animation-bounce-in elementor-repeater-item-96ca448\" href=\"#\" target=\"_blank\">\n\t\t\t\t\t\t<span class=\"elementor-screen-only\">Android<\/span>\n\t\t\t\t\t\t<i aria-hidden=\"true\" class=\"fab fa-android\"><\/i>\t\t\t\t\t<\/a>\n\t\t\t\t<\/span>\n\t\t\t\t\t\t\t<span class=\"elementor-grid-item\" role=\"listitem\">\n\t\t\t\t\t<a class=\"elementor-icon elementor-social-icon elementor-social-icon-apple elementor-animation-bounce-in elementor-repeater-item-1148a1d\" href=\"#\" target=\"_blank\">\n\t\t\t\t\t\t<span class=\"elementor-screen-only\">Apple<\/span>\n\t\t\t\t\t\t<i aria-hidden=\"true\" class=\"fab fa-apple\"><\/i>\t\t\t\t\t<\/a>\n\t\t\t\t<\/span>\n\t\t\t\t\t<\/div>\n\t\t\t\t\t\t<\/div>\n\t\t\t\t<\/div>\n\t\t\t\t\t<\/div>\n\t\t<\/div>\n\t\t\t\t\t<\/div>\n\t\t<\/section>\n\t\t\t\t<div class=\"elementor-element elementor-element-5ed411b elementor-widget elementor-widget-text-editor\" data-id=\"5ed411b\" data-element_type=\"widget\" data-e-type=\"widget\" data-widget_type=\"text-editor.default\">\n\t\t\t\t<div class=\"elementor-widget-container\">\n\t\t\t\t\t\t\t\t\t<p><strong>Le projet pr\u00e9voit \u00e9galement<\/strong>la cr\u00e9ation d&rsquo;instruments de soutien, c&rsquo;est-\u00e0-dire d&rsquo;outils et d&rsquo;activit\u00e9s de relations publiques, pour partager les r\u00e9sultats des projets.<\/p>\t\t\t\t\t\t\t\t<\/div>\n\t\t\t\t<\/div>\n\t\t\t\t<div class=\"elementor-element elementor-element-934bc5f elementor-widget elementor-widget-heading\" data-id=\"934bc5f\" data-element_type=\"widget\" data-e-type=\"widget\" data-widget_type=\"heading.default\">\n\t\t\t\t<div class=\"elementor-widget-container\">\n\t\t\t\t\t<h2 class=\"elementor-heading-title elementor-size-default\">\nGroupes cibles<\/h2>\t\t\t\t<\/div>\n\t\t\t\t<\/div>\n\t\t\t\t<div class=\"elementor-element elementor-element-95b718e elementor-widget-divider--view-line elementor-widget elementor-widget-divider\" data-id=\"95b718e\" data-element_type=\"widget\" data-e-type=\"widget\" data-widget_type=\"divider.default\">\n\t\t\t\t<div class=\"elementor-widget-container\">\n\t\t\t\t\t\t\t<div class=\"elementor-divider\">\n\t\t\t<span class=\"elementor-divider-separator\">\n\t\t\t\t\t\t<\/span>\n\t\t<\/div>\n\t\t\t\t\t\t<\/div>\n\t\t\t\t<\/div>\n\t\t\t\t<div class=\"elementor-element elementor-element-022f318 elementor-widget elementor-widget-text-editor\" data-id=\"022f318\" data-element_type=\"widget\" data-e-type=\"widget\" data-widget_type=\"text-editor.default\">\n\t\t\t\t<div class=\"elementor-widget-container\">\n\t\t\t\t\t\t\t\t\t<p>Les groupes cibles d&rsquo;OPEN4U sont\u00a0:<\/p><p>TG1 : Personnel junior et senior des PME, membres de l&rsquo;\u00e9quipe R&amp;D.<\/p><p>TG2\u00a0: institutions d&rsquo;EFP, formateurs d&rsquo;EFP.<\/p><p>Autres acteurs : Incubateurs d&rsquo;Entreprenariat, Agences R\u00e9gionales de D\u00e9veloppement, Chambres de Commerce.<\/p>\t\t\t\t\t\t\t\t<\/div>\n\t\t\t\t<\/div>\n\t\t\t\t\t<\/div>\n\t\t<\/div>\n\t\t\t\t\t<\/div>\n\t\t<\/section>\n\t\t\t\t<\/div>\n\t\t","protected":false},"excerpt":{"rendered":"<p>En savoir plus sur OPEN4U Introduction Saviez-vous? C&rsquo;est gr\u00e2ce \u00e0 l&rsquo;innovation ouverte que les id\u00e9es initiales \u00e9manant d&#8217;employ\u00e9s talentueux peuvent \u00eatre analys\u00e9es plus en profondeur et pris un niveau sup\u00e9rieur, ou de nouveaux peuvent \u00eatre envisag\u00e9s, dans les deux cas pour l&rsquo;introduction de changements transformateurs positifs dans l&rsquo;entreprise. La num\u00e9risation forc\u00e9e par les nouvelles technologies&hellip;&nbsp;<\/p>\n","protected":false},"author":1,"featured_media":0,"parent":0,"menu_order":0,"comment_status":"closed","ping_status":"closed","template":"page-templates\/template-pagebuilder-full-width.php","meta":{"neve_meta_sidebar":"","neve_meta_container":"","neve_meta_enable_content_width":"off","neve_meta_content_width":100,"neve_meta_title_alignment":"","neve_meta_author_avatar":"","neve_post_elements_order":"","neve_meta_disable_header":"","neve_meta_disable_footer":"","neve_meta_disable_title":"","footnotes":""},"class_list":["post-141","page","type-page","status-publish","hentry"],"_links":{"self":[{"href":"https:\/\/open4u.erasmus.site\/fr\/wp-json\/wp\/v2\/pages\/141","targetHints":{"allow":["GET"]}}],"collection":[{"href":"https:\/\/open4u.erasmus.site\/fr\/wp-json\/wp\/v2\/pages"}],"about":[{"href":"https:\/\/open4u.erasmus.site\/fr\/wp-json\/wp\/v2\/types\/page"}],"author":[{"embeddable":true,"href":"https:\/\/open4u.erasmus.site\/fr\/wp-json\/wp\/v2\/users\/1"}],"replies":[{"embeddable":true,"href":"https:\/\/open4u.erasmus.site\/fr\/wp-json\/wp\/v2\/comments?post=141"}],"version-history":[{"count":98,"href":"https:\/\/open4u.erasmus.site\/fr\/wp-json\/wp\/v2\/pages\/141\/revisions"}],"predecessor-version":[{"id":503,"href":"https:\/\/open4u.erasmus.site\/fr\/wp-json\/wp\/v2\/pages\/141\/revisions\/503"}],"wp:attachment":[{"href":"https:\/\/open4u.erasmus.site\/fr\/wp-json\/wp\/v2\/media?parent=141"}],"curies":[{"name":"wp","href":"https:\/\/api.w.org\/{rel}","templated":true}]}}