{"id":83,"date":"2023-05-03T12:25:15","date_gmt":"2023-05-03T12:25:15","guid":{"rendered":"https:\/\/open4u.erasmus.site\/?page_id=83"},"modified":"2025-01-28T09:54:58","modified_gmt":"2025-01-28T09:54:58","slug":"guides-on-introducing-open-innovation-practices-mobile-app","status":"publish","type":"page","link":"https:\/\/open4u.erasmus.site\/cs\/guides-on-introducing-open-innovation-practices-mobile-app\/","title":{"rendered":"Pr\u016fvodce pro zav\u00e1d\u011bn\u00ed otev\u0159en\u00fdch inova\u010dn\u00edch postup\u016f (mobiln\u00ed aplikace)"},"content":{"rendered":"\t\t<div data-elementor-type=\"wp-page\" data-elementor-id=\"83\" class=\"elementor elementor-83\">\n\t\t\t\t\t\t<section class=\"elementor-section elementor-top-section elementor-element elementor-element-9e6c149 elementor-section-full_width elementor-section-height-default elementor-section-height-default\" data-id=\"9e6c149\" data-element_type=\"section\" data-e-type=\"section\" data-settings=\"{&quot;background_background&quot;:&quot;classic&quot;}\">\n\t\t\t\t\t\t\t<div class=\"elementor-background-overlay\"><\/div>\n\t\t\t\t\t\t\t<div class=\"elementor-container elementor-column-gap-default\">\n\t\t\t\t\t<div class=\"elementor-column elementor-col-100 elementor-top-column elementor-element elementor-element-ac53859\" data-id=\"ac53859\" data-element_type=\"column\" data-e-type=\"column\">\n\t\t\t<div class=\"elementor-widget-wrap elementor-element-populated\">\n\t\t\t\t\t\t<div class=\"elementor-element elementor-element-5bd2b2a elementor-widget elementor-widget-heading\" data-id=\"5bd2b2a\" data-element_type=\"widget\" data-e-type=\"widget\" data-widget_type=\"heading.default\">\n\t\t\t\t<div class=\"elementor-widget-container\">\n\t\t\t\t\t<h1 class=\"elementor-heading-title elementor-size-default\">Pr\u016fvodce pro zav\u00e1d\u011bn\u00ed otev\u0159en\u00fdch inova\u010dn\u00edch postup\u016f (mobiln\u00ed aplikace)<\/h1>\t\t\t\t<\/div>\n\t\t\t\t<\/div>\n\t\t\t\t\t<\/div>\n\t\t<\/div>\n\t\t\t\t\t<\/div>\n\t\t<\/section>\n\t\t\t\t<section class=\"elementor-section elementor-top-section elementor-element elementor-element-2ef620a elementor-section-height-full elementor-section-boxed elementor-section-height-default elementor-section-items-middle\" data-id=\"2ef620a\" data-element_type=\"section\" data-e-type=\"section\" data-settings=\"{&quot;background_background&quot;:&quot;classic&quot;}\">\n\t\t\t\t\t\t<div class=\"elementor-container elementor-column-gap-default\">\n\t\t\t\t\t<div class=\"elementor-column elementor-col-100 elementor-top-column elementor-element elementor-element-2e986a1\" data-id=\"2e986a1\" data-element_type=\"column\" data-e-type=\"column\" data-settings=\"{&quot;background_background&quot;:&quot;classic&quot;}\">\n\t\t\t<div class=\"elementor-widget-wrap elementor-element-populated\">\n\t\t\t\t\t\t<div class=\"elementor-element elementor-element-7150a56 elementor-widget elementor-widget-image\" data-id=\"7150a56\" data-element_type=\"widget\" data-e-type=\"widget\" data-widget_type=\"image.default\">\n\t\t\t\t<div class=\"elementor-widget-container\">\n\t\t\t\t\t\t\t\t\t\t\t\t\t\t\t<img fetchpriority=\"high\" decoding=\"async\" width=\"300\" height=\"300\" src=\"https:\/\/open4u.erasmus.site\/wp-content\/uploads\/2023\/05\/Open_4u_final-logo-transparent-300x300.png\" class=\"attachment-medium size-medium wp-image-15\" alt=\"\" srcset=\"https:\/\/open4u.erasmus.site\/wp-content\/uploads\/2023\/05\/Open_4u_final-logo-transparent-300x300.png 300w, https:\/\/open4u.erasmus.site\/wp-content\/uploads\/2023\/05\/Open_4u_final-logo-transparent-150x150.png 150w, https:\/\/open4u.erasmus.site\/wp-content\/uploads\/2023\/05\/Open_4u_final-logo-transparent.png 500w\" sizes=\"(max-width: 300px) 100vw, 300px\" \/>\t\t\t\t\t\t\t\t\t\t\t\t\t\t\t<\/div>\n\t\t\t\t<\/div>\n\t\t\t\t<div class=\"elementor-element elementor-element-497b949 elementor-widget elementor-widget-heading\" data-id=\"497b949\" data-element_type=\"widget\" data-e-type=\"widget\" data-widget_type=\"heading.default\">\n\t\t\t\t<div class=\"elementor-widget-container\">\n\t\t\t\t\t<h2 class=\"elementor-heading-title elementor-size-default\">OPEN4U Digital Guides\n\n<\/h2>\t\t\t\t<\/div>\n\t\t\t\t<\/div>\n\t\t\t\t<div class=\"elementor-element elementor-element-e4ccb69 elementor-shape-rounded elementor-grid-0 e-grid-align-center elementor-widget elementor-widget-social-icons\" data-id=\"e4ccb69\" data-element_type=\"widget\" data-e-type=\"widget\" data-widget_type=\"social-icons.default\">\n\t\t\t\t<div class=\"elementor-widget-container\">\n\t\t\t\t\t\t\t<div class=\"elementor-social-icons-wrapper elementor-grid\" role=\"list\">\n\t\t\t\t\t\t\t<span class=\"elementor-grid-item\" role=\"listitem\">\n\t\t\t\t\t<a class=\"elementor-icon elementor-social-icon elementor-social-icon-android elementor-repeater-item-6c06136\" href=\"https:\/\/play.google.com\/store\/apps\/details?id=eu.dcnet.open4u\" target=\"_blank\">\n\t\t\t\t\t\t<span class=\"elementor-screen-only\">Android<\/span>\n\t\t\t\t\t\t<i aria-hidden=\"true\" class=\"fab fa-android\"><\/i>\t\t\t\t\t<\/a>\n\t\t\t\t<\/span>\n\t\t\t\t\t\t\t<span class=\"elementor-grid-item\" role=\"listitem\">\n\t\t\t\t\t<a class=\"elementor-icon elementor-social-icon elementor-social-icon-apple elementor-repeater-item-3fa5985\" href=\"https:\/\/apps.apple.com\/us\/app\/open4u-digital-guides\/id6578443567\" target=\"_blank\">\n\t\t\t\t\t\t<span class=\"elementor-screen-only\">Apple<\/span>\n\t\t\t\t\t\t<i aria-hidden=\"true\" class=\"fab fa-apple\"><\/i>\t\t\t\t\t<\/a>\n\t\t\t\t<\/span>\n\t\t\t\t\t<\/div>\n\t\t\t\t\t\t<\/div>\n\t\t\t\t<\/div>\n\t\t\t\t<div class=\"elementor-element elementor-element-32ed8e5 elementor-widget elementor-widget-heading\" data-id=\"32ed8e5\" data-element_type=\"widget\" data-e-type=\"widget\" data-widget_type=\"heading.default\">\n\t\t\t\t<div class=\"elementor-widget-container\">\n\t\t\t\t\t<h2 class=\"elementor-heading-title elementor-size-default\">Additional resource available in English: Methodology for Mobile Guides<\/h2>\t\t\t\t<\/div>\n\t\t\t\t<\/div>\n\t\t\t\t<div class=\"elementor-element elementor-element-b113de9 elementor-align-center elementor-widget elementor-widget-button\" data-id=\"b113de9\" data-element_type=\"widget\" data-e-type=\"widget\" data-widget_type=\"button.default\">\n\t\t\t\t<div class=\"elementor-widget-container\">\n\t\t\t\t\t\t\t\t\t<div class=\"elementor-button-wrapper\">\n\t\t\t\t\t<a class=\"elementor-button elementor-button-link elementor-size-lg\" href=\"https:\/\/open4u.erasmus.site\/wp-content\/uploads\/2025\/01\/OPEN4U_WP3_Methodology-for-Mobile-Guides.pdf\" download=\"\">\n\t\t\t\t\t\t<span class=\"elementor-button-content-wrapper\">\n\t\t\t\t\t\t\t\t\t<span class=\"elementor-button-text\">Download<\/span>\n\t\t\t\t\t<\/span>\n\t\t\t\t\t<\/a>\n\t\t\t\t<\/div>\n\t\t\t\t\t\t\t\t<\/div>\n\t\t\t\t<\/div>\n\t\t\t\t\t<\/div>\n\t\t<\/div>\n\t\t\t\t\t<\/div>\n\t\t<\/section>\n\t\t\t\t<\/div>\n\t\t","protected":false},"excerpt":{"rendered":"<p>Pr\u016fvodce pro zav\u00e1d\u011bn\u00ed otev\u0159en\u00fdch inova\u010dn\u00edch postup\u016f (mobiln\u00ed aplikace) OPEN4U Digital Guides Android Apple Additional resource available in English: Methodology for Mobile Guides Download<\/p>\n","protected":false},"author":1,"featured_media":0,"parent":0,"menu_order":0,"comment_status":"closed","ping_status":"closed","template":"page-templates\/template-pagebuilder-full-width.php","meta":{"neve_meta_sidebar":"","neve_meta_container":"","neve_meta_enable_content_width":"off","neve_meta_content_width":100,"neve_meta_title_alignment":"","neve_meta_author_avatar":"","neve_post_elements_order":"","neve_meta_disable_header":"","neve_meta_disable_footer":"","neve_meta_disable_title":"","footnotes":""},"class_list":["post-83","page","type-page","status-publish","hentry"],"_links":{"self":[{"href":"https:\/\/open4u.erasmus.site\/cs\/wp-json\/wp\/v2\/pages\/83","targetHints":{"allow":["GET"]}}],"collection":[{"href":"https:\/\/open4u.erasmus.site\/cs\/wp-json\/wp\/v2\/pages"}],"about":[{"href":"https:\/\/open4u.erasmus.site\/cs\/wp-json\/wp\/v2\/types\/page"}],"author":[{"embeddable":true,"href":"https:\/\/open4u.erasmus.site\/cs\/wp-json\/wp\/v2\/users\/1"}],"replies":[{"embeddable":true,"href":"https:\/\/open4u.erasmus.site\/cs\/wp-json\/wp\/v2\/comments?post=83"}],"version-history":[{"count":32,"href":"https:\/\/open4u.erasmus.site\/cs\/wp-json\/wp\/v2\/pages\/83\/revisions"}],"predecessor-version":[{"id":546,"href":"https:\/\/open4u.erasmus.site\/cs\/wp-json\/wp\/v2\/pages\/83\/revisions\/546"}],"wp:attachment":[{"href":"https:\/\/open4u.erasmus.site\/cs\/wp-json\/wp\/v2\/media?parent=83"}],"curies":[{"name":"wp","href":"https:\/\/api.w.org\/{rel}","templated":true}]}}