{"id":141,"date":"2023-05-03T16:58:25","date_gmt":"2023-05-03T16:58:25","guid":{"rendered":"https:\/\/open4u.erasmus.site\/?page_id=141"},"modified":"2024-10-21T10:16:27","modified_gmt":"2024-10-21T10:16:27","slug":"more-about-open4u","status":"publish","type":"page","link":"https:\/\/open4u.erasmus.site\/cs\/more-about-open4u\/","title":{"rendered":"Dal\u0161\u00ed informace o OPEN4U"},"content":{"rendered":"\t\t<div data-elementor-type=\"wp-page\" data-elementor-id=\"141\" class=\"elementor elementor-141\">\n\t\t\t\t\t\t<section class=\"elementor-section elementor-top-section elementor-element elementor-element-04b840b elementor-section-full_width elementor-section-height-default elementor-section-height-default\" data-id=\"04b840b\" data-element_type=\"section\" data-e-type=\"section\" data-settings=\"{&quot;background_background&quot;:&quot;classic&quot;}\">\n\t\t\t\t\t\t\t<div class=\"elementor-background-overlay\"><\/div>\n\t\t\t\t\t\t\t<div class=\"elementor-container elementor-column-gap-default\">\n\t\t\t\t\t<div class=\"elementor-column elementor-col-100 elementor-top-column elementor-element elementor-element-3875335\" data-id=\"3875335\" data-element_type=\"column\" data-e-type=\"column\">\n\t\t\t<div class=\"elementor-widget-wrap elementor-element-populated\">\n\t\t\t\t\t\t<div class=\"elementor-element elementor-element-888fbc3 elementor-widget elementor-widget-heading\" data-id=\"888fbc3\" data-element_type=\"widget\" data-e-type=\"widget\" data-widget_type=\"heading.default\">\n\t\t\t\t<div class=\"elementor-widget-container\">\n\t\t\t\t\t<h1 class=\"elementor-heading-title elementor-size-default\">Dal\u0161\u00ed informace o OPEN4U<\/h1>\t\t\t\t<\/div>\n\t\t\t\t<\/div>\n\t\t\t\t\t<\/div>\n\t\t<\/div>\n\t\t\t\t\t<\/div>\n\t\t<\/section>\n\t\t\t\t<section class=\"elementor-section elementor-top-section elementor-element elementor-element-30c1780 elementor-section-height-min-height elementor-section-boxed elementor-section-height-default elementor-section-items-middle\" data-id=\"30c1780\" data-element_type=\"section\" data-e-type=\"section\" data-settings=\"{&quot;background_background&quot;:&quot;classic&quot;}\">\n\t\t\t\t\t\t<div class=\"elementor-container elementor-column-gap-default\">\n\t\t\t\t\t<div class=\"elementor-column elementor-col-100 elementor-top-column elementor-element elementor-element-24d906a\" data-id=\"24d906a\" data-element_type=\"column\" data-e-type=\"column\" data-settings=\"{&quot;background_background&quot;:&quot;classic&quot;}\">\n\t\t\t<div class=\"elementor-widget-wrap elementor-element-populated\">\n\t\t\t\t\t\t<div class=\"elementor-element elementor-element-1e4cacc elementor-widget elementor-widget-text-editor\" data-id=\"1e4cacc\" data-element_type=\"widget\" data-e-type=\"widget\" data-widget_type=\"text-editor.default\">\n\t\t\t\t<div class=\"elementor-widget-container\">\n\t\t\t\t\t\t\t\t\t<p><\/p><h3 style=\"text-align: center;\">\u00davod<\/h3><p><strong><em>V\u011bd\u011bli jste?<\/em><\/strong><\/p><p>Pr\u00e1v\u011b d\u00edky otev\u0159en\u00fdm inovac\u00edm lze prvotn\u00ed n\u00e1pady talentovan\u00fdch zam\u011bstnanc\u016f d\u00e1le analyzovat a posunout o dal\u0161\u00ed \u00farove\u0148, p\u0159\u00edpadn\u011b zva\u017eovat nov\u00e9 mo\u017enosti pro zaveden\u00ed pozitivn\u00edch transforma\u010dn\u00edch zm\u011bn v podniku. Digitalizace vyvolan\u00e1 nov\u00fdmi technologiemi a spole\u010densk\u00fdm rozvojem je pro otev\u0159en\u00e9 inovace kl\u00ed\u010dov\u00e1. P\u0159esto nelze otev\u0159en\u00e9 inovace vn\u00edmat v kategorii definitivn\u00edch strategi\u00ed, ale hodnotit je v \u010dase a s digit\u00e1ln\u00ed transformac\u00ed.<\/p><p>Proto je je\u0161t\u011b d\u016fle\u017eit\u011bj\u0161\u00ed vzd\u011bl\u00e1vat spole\u010dnost, studenty a podniky v oblasti aktivit, kter\u00e9 mohou v sou\u010dasn\u00e9 dob\u011b realizovat ke zlep\u0161en\u00ed kvality \u017eivota.<\/p><p><strong><em>Jak\u00e9 jsou c\u00edle OPEN4U?<\/em><\/strong><\/p><p>Mezi c\u00edle OPEN4U pat\u0159\u00ed:<\/p><ul><li>anal\u00fdza nejnov\u011bj\u0161\u00edch postup\u016f otev\u0159en\u00fdch inovac\u00ed nad r\u00e1mec standardn\u00edch osnov na \u00farovni konsorcia;<\/li><li>vz\u00e1jemn\u00e9 sd\u00edlen\u00ed osv\u011bd\u010den\u00fdch postup\u016f v zem\u00edch OECD a identifikace strategi\u00ed otev\u0159en\u00fdch inovac\u00ed pro odborn\u00e9 vzd\u011bl\u00e1v\u00e1n\u00ed a p\u0159\u00edpravu, jej\u00edm\u017e v\u00fdsledkem bude vytvo\u0159en\u00ed interaktivn\u00edho katalogu otev\u0159en\u00fdch inovac\u00ed, v\u010detn\u011b politick\u00fdch doporu\u010den\u00ed ohledn\u011b postup\u016f otev\u0159en\u00fdch inovac\u00ed na region\u00e1ln\u00ed \u00farovni;<\/li><li>p\u0159\u00edprava \u0161kol\u00edc\u00edch materi\u00e1l\u016f pro 2 skupiny: pro zku\u0161en\u00e9 zam\u011bstnance MSP a pracovn\u00edky v\u00fdzkumu a v\u00fdvoje v MSP o nov\u00fdch p\u0159\u00edstupech v pr\u00e1ci se zam\u011bstnanci s c\u00edlem sezn\u00e1mit je s postupy otev\u0159en\u00fdch inovac\u00ed; pro nov\u00e9, m\u00e9n\u011b zku\u0161en\u00e9 zam\u011bstnance MSP a absolventy o tom, jak mohou p\u0159isp\u011bt k postup\u016fm otev\u0159en\u00fdch inovac\u00ed s n\u00e1slednou digitalizac\u00ed materi\u00e1l\u016f do mobiln\u00ed aplikace.<\/li><\/ul><p><\/p><p><\/p>\t\t\t\t\t\t\t\t<\/div>\n\t\t\t\t<\/div>\n\t\t\t\t\t<\/div>\n\t\t<\/div>\n\t\t\t\t\t<\/div>\n\t\t<\/section>\n\t\t\t\t<section class=\"elementor-section elementor-top-section elementor-element elementor-element-672f6cc elementor-section-boxed elementor-section-height-default elementor-section-height-default\" data-id=\"672f6cc\" data-element_type=\"section\" data-e-type=\"section\" data-settings=\"{&quot;background_background&quot;:&quot;classic&quot;}\">\n\t\t\t\t\t\t\t<div class=\"elementor-background-overlay\"><\/div>\n\t\t\t\t\t\t\t<div class=\"elementor-container elementor-column-gap-default\">\n\t\t\t\t\t<div class=\"elementor-column elementor-col-100 elementor-top-column elementor-element elementor-element-188d3a7\" data-id=\"188d3a7\" data-element_type=\"column\" data-e-type=\"column\">\n\t\t\t<div class=\"elementor-widget-wrap elementor-element-populated\">\n\t\t\t\t\t\t<section class=\"elementor-section elementor-inner-section elementor-element elementor-element-0d0d3a5 elementor-section-boxed elementor-section-height-default elementor-section-height-default\" data-id=\"0d0d3a5\" data-element_type=\"section\" data-e-type=\"section\">\n\t\t\t\t\t\t<div class=\"elementor-container elementor-column-gap-default\">\n\t\t\t\t\t<div class=\"elementor-column elementor-col-100 elementor-inner-column elementor-element elementor-element-9c53b6b\" data-id=\"9c53b6b\" data-element_type=\"column\" data-e-type=\"column\">\n\t\t\t<div class=\"elementor-widget-wrap elementor-element-populated\">\n\t\t\t\t\t\t<div class=\"elementor-element elementor-element-dce1b8b elementor-widget elementor-widget-menu-anchor\" data-id=\"dce1b8b\" data-element_type=\"widget\" data-e-type=\"widget\" data-widget_type=\"menu-anchor.default\">\n\t\t\t\t<div class=\"elementor-widget-container\">\n\t\t\t\t\t\t\t<div class=\"elementor-menu-anchor\" id=\"results\"><\/div>\n\t\t\t\t\t\t<\/div>\n\t\t\t\t<\/div>\n\t\t\t\t<div class=\"elementor-element elementor-element-9feee22 elementor-widget elementor-widget-heading\" data-id=\"9feee22\" data-element_type=\"widget\" data-e-type=\"widget\" data-widget_type=\"heading.default\">\n\t\t\t\t<div class=\"elementor-widget-container\">\n\t\t\t\t\t<h2 class=\"elementor-heading-title elementor-size-default\">V\u00fdsledky projektu<\/h2>\t\t\t\t<\/div>\n\t\t\t\t<\/div>\n\t\t\t\t<div class=\"elementor-element elementor-element-24418b3 elementor-widget-divider--view-line elementor-widget elementor-widget-divider\" data-id=\"24418b3\" data-element_type=\"widget\" data-e-type=\"widget\" data-widget_type=\"divider.default\">\n\t\t\t\t<div class=\"elementor-widget-container\">\n\t\t\t\t\t\t\t<div class=\"elementor-divider\">\n\t\t\t<span class=\"elementor-divider-separator\">\n\t\t\t\t\t\t<\/span>\n\t\t<\/div>\n\t\t\t\t\t\t<\/div>\n\t\t\t\t<\/div>\n\t\t\t\t\t<\/div>\n\t\t<\/div>\n\t\t\t\t\t<\/div>\n\t\t<\/section>\n\t\t\t\t<div class=\"elementor-element elementor-element-b2736b3 elementor-widget elementor-widget-text-editor\" data-id=\"b2736b3\" data-element_type=\"widget\" data-e-type=\"widget\" data-widget_type=\"text-editor.default\">\n\t\t\t\t<div class=\"elementor-widget-container\">\n\t\t\t\t\t\t\t\t\t<p>OPEN4U m\u00e1 dva hlavn\u00ed v\u00fdstupy v 7 jazyc\u00edch rozd\u011blen\u00e9 do n\u011bkolika aktivit.<\/p>\t\t\t\t\t\t\t\t<\/div>\n\t\t\t\t<\/div>\n\t\t\t\t<section class=\"elementor-section elementor-inner-section elementor-element elementor-element-1d809e7 elementor-section-boxed elementor-section-height-default elementor-section-height-default\" data-id=\"1d809e7\" data-element_type=\"section\" data-e-type=\"section\">\n\t\t\t\t\t\t<div class=\"elementor-container elementor-column-gap-default\">\n\t\t\t\t\t<div class=\"elementor-column elementor-col-50 elementor-inner-column elementor-element elementor-element-205bffb\" data-id=\"205bffb\" data-element_type=\"column\" data-e-type=\"column\" data-settings=\"{&quot;background_background&quot;:&quot;classic&quot;}\">\n\t\t\t<div class=\"elementor-widget-wrap elementor-element-populated\">\n\t\t\t\t\t\t<div class=\"elementor-element elementor-element-417db20 elementor-view-default elementor-widget elementor-widget-icon\" data-id=\"417db20\" data-element_type=\"widget\" data-e-type=\"widget\" data-widget_type=\"icon.default\">\n\t\t\t\t<div class=\"elementor-widget-container\">\n\t\t\t\t\t\t\t<div class=\"elementor-icon-wrapper\">\n\t\t\t<div class=\"elementor-icon elementor-animation-grow\">\n\t\t\t<i aria-hidden=\"true\" class=\"fas fa-award\"><\/i>\t\t\t<\/div>\n\t\t<\/div>\n\t\t\t\t\t\t<\/div>\n\t\t\t\t<\/div>\n\t\t\t\t<div class=\"elementor-element elementor-element-c11c172 elementor-widget elementor-widget-heading\" data-id=\"c11c172\" data-element_type=\"widget\" data-e-type=\"widget\" data-widget_type=\"heading.default\">\n\t\t\t\t<div class=\"elementor-widget-container\">\n\t\t\t\t\t<h3 class=\"elementor-heading-title elementor-size-default\">Prvn\u00edm hlavn\u00edm v\u00fdstupem<\/h3>\t\t\t\t<\/div>\n\t\t\t\t<\/div>\n\t\t\t\t<div class=\"elementor-element elementor-element-7dc4c8a elementor-widget-divider--view-line elementor-widget elementor-widget-divider\" data-id=\"7dc4c8a\" data-element_type=\"widget\" data-e-type=\"widget\" data-widget_type=\"divider.default\">\n\t\t\t\t<div class=\"elementor-widget-container\">\n\t\t\t\t\t\t\t<div class=\"elementor-divider\">\n\t\t\t<span class=\"elementor-divider-separator\">\n\t\t\t\t\t\t<\/span>\n\t\t<\/div>\n\t\t\t\t\t\t<\/div>\n\t\t\t\t<\/div>\n\t\t\t\t<div class=\"elementor-element elementor-element-2d51175 elementor-widget elementor-widget-text-editor\" data-id=\"2d51175\" data-element_type=\"widget\" data-e-type=\"widget\" data-widget_type=\"text-editor.default\">\n\t\t\t\t<div class=\"elementor-widget-container\">\n\t\t\t\t\t\t\t\t\t<p>je interaktivn\u00ed katalog otev\u0159en\u00fdch inovac\u00ed, kter\u00fd se zam\u011b\u0159uje na 7 region\u016f (6 zem\u00ed). P\u0159ed jeho vytvo\u0159en\u00edm bude seps\u00e1na zpr\u00e1va s identifikac\u00ed postup\u016f otev\u0159en\u00fdch inovac\u00ed na z\u00e1klad\u011b v\u00fdsledk\u016f fokusn\u00edch skupin a politick\u00fdch doporu\u010den\u00ed t\u00fdkaj\u00edc\u00edch se postup\u016f v oblasti otev\u0159en\u00fdch inovac\u00ed na region\u00e1ln\u00ed \u00farovni. Kl\u00ed\u010dov\u00e9 informace budou tak\u00e9 sd\u011bleny v r\u00e1mci digit\u00e1ln\u00edch osv\u011btov\u00fdch kampan\u00ed.<\/p>\t\t\t\t\t\t\t\t<\/div>\n\t\t\t\t<\/div>\n\t\t\t\t\t<\/div>\n\t\t<\/div>\n\t\t\t\t<div class=\"elementor-column elementor-col-50 elementor-inner-column elementor-element elementor-element-054b475\" data-id=\"054b475\" data-element_type=\"column\" data-e-type=\"column\" data-settings=\"{&quot;background_background&quot;:&quot;classic&quot;}\">\n\t\t\t<div class=\"elementor-widget-wrap elementor-element-populated\">\n\t\t\t\t\t\t<div class=\"elementor-element elementor-element-3561b3d elementor-view-default elementor-widget elementor-widget-icon\" data-id=\"3561b3d\" data-element_type=\"widget\" data-e-type=\"widget\" data-widget_type=\"icon.default\">\n\t\t\t\t<div class=\"elementor-widget-container\">\n\t\t\t\t\t\t\t<div class=\"elementor-icon-wrapper\">\n\t\t\t<div class=\"elementor-icon elementor-animation-grow\">\n\t\t\t<i aria-hidden=\"true\" class=\"fas fa-mobile-alt\"><\/i>\t\t\t<\/div>\n\t\t<\/div>\n\t\t\t\t\t\t<\/div>\n\t\t\t\t<\/div>\n\t\t\t\t<div class=\"elementor-element elementor-element-4ed0742 elementor-widget elementor-widget-heading\" data-id=\"4ed0742\" data-element_type=\"widget\" data-e-type=\"widget\" data-widget_type=\"heading.default\">\n\t\t\t\t<div class=\"elementor-widget-container\">\n\t\t\t\t\t<h3 class=\"elementor-heading-title elementor-size-default\">Druh\u00fdm hlavn\u00edm v\u00fdstupem<\/h3>\t\t\t\t<\/div>\n\t\t\t\t<\/div>\n\t\t\t\t<div class=\"elementor-element elementor-element-4358517 elementor-widget-divider--view-line elementor-widget elementor-widget-divider\" data-id=\"4358517\" data-element_type=\"widget\" data-e-type=\"widget\" data-widget_type=\"divider.default\">\n\t\t\t\t<div class=\"elementor-widget-container\">\n\t\t\t\t\t\t\t<div class=\"elementor-divider\">\n\t\t\t<span class=\"elementor-divider-separator\">\n\t\t\t\t\t\t<\/span>\n\t\t<\/div>\n\t\t\t\t\t\t<\/div>\n\t\t\t\t<\/div>\n\t\t\t\t<div class=\"elementor-element elementor-element-5fcc23b elementor-widget elementor-widget-text-editor\" data-id=\"5fcc23b\" data-element_type=\"widget\" data-e-type=\"widget\" data-widget_type=\"text-editor.default\">\n\t\t\t\t<div class=\"elementor-widget-container\">\n\t\t\t\t\t\t\t\t\t<p>je mobiln\u00ed aplikace s n\u00e1stroji pro zav\u00e1d\u011bn\u00ed postup\u016f otev\u0159en\u00fdch inovac\u00ed, kter\u00e1 bude k dispozici pro za\u0159\u00edzen\u00ed s opera\u010dn\u00edm syst\u00e9mem Android a iOS. Bude ur\u010dena pro 2 d\u0159\u00edve popsan\u00e9 c\u00edlov\u00e9 skupiny. Digitalizovan\u00fd materi\u00e1l v interaktivn\u00ed podob\u011b bude testov\u00e1n s c\u00edlov\u00fdmi skupinami.<\/p>\t\t\t\t\t\t\t\t<\/div>\n\t\t\t\t<\/div>\n\t\t\t\t<div class=\"elementor-element elementor-element-e559b24 elementor-grid-3 elementor-shape-rounded e-grid-align-center elementor-widget elementor-widget-social-icons\" data-id=\"e559b24\" data-element_type=\"widget\" data-e-type=\"widget\" data-widget_type=\"social-icons.default\">\n\t\t\t\t<div class=\"elementor-widget-container\">\n\t\t\t\t\t\t\t<div class=\"elementor-social-icons-wrapper elementor-grid\" role=\"list\">\n\t\t\t\t\t\t\t<span class=\"elementor-grid-item\" role=\"listitem\">\n\t\t\t\t\t<a class=\"elementor-icon elementor-social-icon elementor-social-icon-android elementor-animation-bounce-in elementor-repeater-item-96ca448\" href=\"#\" target=\"_blank\">\n\t\t\t\t\t\t<span class=\"elementor-screen-only\">Android<\/span>\n\t\t\t\t\t\t<i aria-hidden=\"true\" class=\"fab fa-android\"><\/i>\t\t\t\t\t<\/a>\n\t\t\t\t<\/span>\n\t\t\t\t\t\t\t<span class=\"elementor-grid-item\" role=\"listitem\">\n\t\t\t\t\t<a class=\"elementor-icon elementor-social-icon elementor-social-icon-apple elementor-animation-bounce-in elementor-repeater-item-1148a1d\" href=\"#\" target=\"_blank\">\n\t\t\t\t\t\t<span class=\"elementor-screen-only\">Apple<\/span>\n\t\t\t\t\t\t<i aria-hidden=\"true\" class=\"fab fa-apple\"><\/i>\t\t\t\t\t<\/a>\n\t\t\t\t<\/span>\n\t\t\t\t\t<\/div>\n\t\t\t\t\t\t<\/div>\n\t\t\t\t<\/div>\n\t\t\t\t\t<\/div>\n\t\t<\/div>\n\t\t\t\t\t<\/div>\n\t\t<\/section>\n\t\t\t\t<div class=\"elementor-element elementor-element-5ed411b elementor-widget elementor-widget-text-editor\" data-id=\"5ed411b\" data-element_type=\"widget\" data-e-type=\"widget\" data-widget_type=\"text-editor.default\">\n\t\t\t\t<div class=\"elementor-widget-container\">\n\t\t\t\t\t\t\t\t\t<p><strong>Projekt rovn\u011b\u017e p\u0159edpokl\u00e1d\u00e1<\/strong> vytvo\u0159en\u00ed podp\u016frn\u00fdch n\u00e1stroj\u016f, tj. n\u00e1stroj\u016f a aktivit pro styk s ve\u0159ejnost\u00ed, pro sd\u00edlen\u00ed v\u00fdsledk\u016f projektu.<\/p>\t\t\t\t\t\t\t\t<\/div>\n\t\t\t\t<\/div>\n\t\t\t\t<div class=\"elementor-element elementor-element-934bc5f elementor-widget elementor-widget-heading\" data-id=\"934bc5f\" data-element_type=\"widget\" data-e-type=\"widget\" data-widget_type=\"heading.default\">\n\t\t\t\t<div class=\"elementor-widget-container\">\n\t\t\t\t\t<h2 class=\"elementor-heading-title elementor-size-default\">C\u00edlov\u00e9 skupiny\n<\/h2>\t\t\t\t<\/div>\n\t\t\t\t<\/div>\n\t\t\t\t<div class=\"elementor-element elementor-element-95b718e elementor-widget-divider--view-line elementor-widget elementor-widget-divider\" data-id=\"95b718e\" data-element_type=\"widget\" data-e-type=\"widget\" data-widget_type=\"divider.default\">\n\t\t\t\t<div class=\"elementor-widget-container\">\n\t\t\t\t\t\t\t<div class=\"elementor-divider\">\n\t\t\t<span class=\"elementor-divider-separator\">\n\t\t\t\t\t\t<\/span>\n\t\t<\/div>\n\t\t\t\t\t\t<\/div>\n\t\t\t\t<\/div>\n\t\t\t\t<div class=\"elementor-element elementor-element-022f318 elementor-widget elementor-widget-text-editor\" data-id=\"022f318\" data-element_type=\"widget\" data-e-type=\"widget\" data-widget_type=\"text-editor.default\">\n\t\t\t\t<div class=\"elementor-widget-container\">\n\t\t\t\t\t\t\t\t\t<p>C\u00edlov\u00fdmi skupinami OPEN4U jsou:<\/p><p>CS1: juniorn\u00ed a seniorn\u00ed zam\u011bstnanci mal\u00fdch a st\u0159edn\u00edch podnik\u016f, \u010dlenov\u00e9 v\u00fdzkumn\u00fdch a v\u00fdvojov\u00fdch t\u00fdm\u016f.<\/p><p>CS2: Instituce odborn\u00e9ho vzd\u011bl\u00e1v\u00e1n\u00ed a p\u0159\u00edpravy, \u0161kolitel\u00e9 v oblasti odborn\u00e9ho vzd\u011bl\u00e1v\u00e1n\u00ed a p\u0159\u00edpravy.<\/p><p>Dal\u0161\u00ed z\u00fa\u010dastn\u011bn\u00e9 strany: podnikatelsk\u00e9 inkub\u00e1tory, region\u00e1ln\u00ed rozvojov\u00e9 agentury, hospod\u00e1\u0159sk\u00e9 komory.<\/p>\t\t\t\t\t\t\t\t<\/div>\n\t\t\t\t<\/div>\n\t\t\t\t\t<\/div>\n\t\t<\/div>\n\t\t\t\t\t<\/div>\n\t\t<\/section>\n\t\t\t\t<\/div>\n\t\t","protected":false},"excerpt":{"rendered":"<p>Dal\u0161\u00ed informace o OPEN4U \u00davod V\u011bd\u011bli jste? Pr\u00e1v\u011b d\u00edky otev\u0159en\u00fdm inovac\u00edm lze prvotn\u00ed n\u00e1pady talentovan\u00fdch zam\u011bstnanc\u016f d\u00e1le analyzovat a posunout o dal\u0161\u00ed \u00farove\u0148, p\u0159\u00edpadn\u011b zva\u017eovat nov\u00e9 mo\u017enosti pro zaveden\u00ed pozitivn\u00edch transforma\u010dn\u00edch zm\u011bn v podniku. Digitalizace vyvolan\u00e1 nov\u00fdmi technologiemi a spole\u010densk\u00fdm rozvojem je pro otev\u0159en\u00e9 inovace kl\u00ed\u010dov\u00e1. P\u0159esto nelze otev\u0159en\u00e9 inovace vn\u00edmat v kategorii definitivn\u00edch strategi\u00ed,&hellip;&nbsp;<\/p>\n","protected":false},"author":1,"featured_media":0,"parent":0,"menu_order":0,"comment_status":"closed","ping_status":"closed","template":"page-templates\/template-pagebuilder-full-width.php","meta":{"neve_meta_sidebar":"","neve_meta_container":"","neve_meta_enable_content_width":"off","neve_meta_content_width":100,"neve_meta_title_alignment":"","neve_meta_author_avatar":"","neve_post_elements_order":"","neve_meta_disable_header":"","neve_meta_disable_footer":"","neve_meta_disable_title":"","footnotes":""},"class_list":["post-141","page","type-page","status-publish","hentry"],"_links":{"self":[{"href":"https:\/\/open4u.erasmus.site\/cs\/wp-json\/wp\/v2\/pages\/141","targetHints":{"allow":["GET"]}}],"collection":[{"href":"https:\/\/open4u.erasmus.site\/cs\/wp-json\/wp\/v2\/pages"}],"about":[{"href":"https:\/\/open4u.erasmus.site\/cs\/wp-json\/wp\/v2\/types\/page"}],"author":[{"embeddable":true,"href":"https:\/\/open4u.erasmus.site\/cs\/wp-json\/wp\/v2\/users\/1"}],"replies":[{"embeddable":true,"href":"https:\/\/open4u.erasmus.site\/cs\/wp-json\/wp\/v2\/comments?post=141"}],"version-history":[{"count":98,"href":"https:\/\/open4u.erasmus.site\/cs\/wp-json\/wp\/v2\/pages\/141\/revisions"}],"predecessor-version":[{"id":503,"href":"https:\/\/open4u.erasmus.site\/cs\/wp-json\/wp\/v2\/pages\/141\/revisions\/503"}],"wp:attachment":[{"href":"https:\/\/open4u.erasmus.site\/cs\/wp-json\/wp\/v2\/media?parent=141"}],"curies":[{"name":"wp","href":"https:\/\/api.w.org\/{rel}","templated":true}]}}